{"id":336,"date":"2026-01-09T15:49:27","date_gmt":"2026-01-09T14:49:27","guid":{"rendered":"https:\/\/menjablancdereus.com\/?page_id=336"},"modified":"2026-03-09T16:09:15","modified_gmt":"2026-03-09T15:09:15","slug":"productes-menjablanc","status":"publish","type":"page","link":"https:\/\/menjablancdereus.com\/es\/productes-menjablanc\/","title":{"rendered":"Productos Menjablanc"},"content":{"rendered":"<div data-elementor-type=\"wp-page\" data-elementor-id=\"336\" class=\"elementor elementor-336\" data-elementor-post-type=\"page\">\n\t\t\t\t<div class=\"elementor-element elementor-element-aea26d3 e-flex e-con-boxed e-con e-parent\" data-id=\"aea26d3\" data-element_type=\"container\" data-e-type=\"container\" data-settings=\"{&quot;background_background&quot;:&quot;classic&quot;}\">\n\t\t\t\t\t<div class=\"e-con-inner\">\n\t\t<div class=\"elementor-element elementor-element-c87184a e-con-full e-flex elementor-invisible e-con e-child\" data-id=\"c87184a\" data-element_type=\"container\" data-e-type=\"container\" data-settings=\"{&quot;background_background&quot;:&quot;classic&quot;,&quot;animation&quot;:&quot;fadeInRight&quot;}\">\n\t\t\t\t<div class=\"elementor-element elementor-element-c757034 elementor-widget elementor-widget-heading\" data-id=\"c757034\" data-element_type=\"widget\" data-e-type=\"widget\" data-widget_type=\"heading.default\">\n\t\t\t\t<div class=\"elementor-widget-container\">\n\t\t\t\t\t<h1 class=\"elementor-heading-title elementor-size-default\">Productos Menjablanc<\/h1>\t\t\t\t<\/div>\n\t\t\t\t<\/div>\n\t\t\t\t<div class=\"elementor-element elementor-element-e6e787d elementor-icon-list--layout-inline elementor-list-item-link-full_width elementor-widget elementor-widget-icon-list\" data-id=\"e6e787d\" data-element_type=\"widget\" data-e-type=\"widget\" data-widget_type=\"icon-list.default\">\n\t\t\t\t<div class=\"elementor-widget-container\">\n\t\t\t\t\t\t\t<ul class=\"elementor-icon-list-items elementor-inline-items\">\n\t\t\t\t\t\t\t<li class=\"elementor-icon-list-item elementor-inline-item\">\n\t\t\t\t\t\t\t\t\t\t\t<a href=\"https:\/\/menjablancdereus.com\/es\/\">\n\n\t\t\t\t\t\t\t\t\t\t\t<span class=\"elementor-icon-list-text\">Inicio<\/span>\n\t\t\t\t\t\t\t\t\t\t\t<\/a>\n\t\t\t\t\t\t\t\t\t<\/li>\n\t\t\t\t\t\t\t\t<li class=\"elementor-icon-list-item elementor-inline-item\">\n\t\t\t\t\t\t\t\t\t\t\t<a href=\"https:\/\/menjablancdereus.com\/es\/productes-menjablanc\/\">\n\n\t\t\t\t\t\t\t\t\t\t\t\t<span class=\"elementor-icon-list-icon\">\n\t\t\t\t\t\t\t<i aria-hidden=\"true\" class=\"material-icons md-keyboard_double_arrow_right\" data-md-icon=\"keyboard_double_arrow_right\"><\/i>\t\t\t\t\t\t<\/span>\n\t\t\t\t\t\t\t\t\t\t<span class=\"elementor-icon-list-text\">Productos Menjablanc<\/span>\n\t\t\t\t\t\t\t\t\t\t\t<\/a>\n\t\t\t\t\t\t\t\t\t<\/li>\n\t\t\t\t\t\t<\/ul>\n\t\t\t\t\t\t<\/div>\n\t\t\t\t<\/div>\n\t\t\t\t<\/div>\n\t\t\t\t\t<\/div>\n\t\t\t\t<\/div>\n\t\t<div class=\"elementor-element elementor-element-c249a8e e-flex e-con-boxed e-con e-parent\" data-id=\"c249a8e\" data-element_type=\"container\" data-e-type=\"container\">\n\t\t\t\t\t<div class=\"e-con-inner\">\n\t\t\t\t<div class=\"elementor-element elementor-element-1a9cf57 elementor-widget elementor-widget-heading\" data-id=\"1a9cf57\" data-element_type=\"widget\" data-e-type=\"widget\" data-widget_type=\"heading.default\">\n\t\t\t\t<div class=\"elementor-widget-container\">\n\t\t\t\t\t<h2 class=\"elementor-heading-title elementor-size-default\">Productos Menjablanc de Reus\n\n\n\n<\/h2>\t\t\t\t<\/div>\n\t\t\t\t<\/div>\n\t\t\t\t<div class=\"elementor-element elementor-element-1e3c29d elementor-widget__width-initial elementor-widget-mobile__width-inherit elementor-widget elementor-widget-text-editor\" data-id=\"1e3c29d\" data-element_type=\"widget\" data-e-type=\"widget\" data-widget_type=\"text-editor.default\">\n\t\t\t\t<div class=\"elementor-widget-container\">\n\t\t\t\t\t\t\t\t\t<p><span style=\"font-weight: 400;\">Descubre nuestros productos elaborados a partir de la receta tradicional del Comeblanc de Reus. Productos de <\/span><b>fabricaci\u00f3n propia<\/b><span style=\"font-weight: 400;\">, veganos y con m\u00e1s de 100 a\u00f1os de tradici\u00f3n, pensados para disfrutar en casa o regalar.<\/span><\/p>\t\t\t\t\t\t\t\t<\/div>\n\t\t\t\t<\/div>\n\t\t<div class=\"elementor-element elementor-element-aebe673 e-grid e-con-full e-con e-child\" data-id=\"aebe673\" data-element_type=\"container\" data-e-type=\"container\">\n\t\t<div class=\"elementor-element elementor-element-1361d6c animated-slow e-con-full e-flex elementor-invisible e-con e-child\" data-id=\"1361d6c\" data-element_type=\"container\" data-e-type=\"container\" data-settings=\"{&quot;background_background&quot;:&quot;classic&quot;,&quot;animation&quot;:&quot;fadeInLeft&quot;}\">\n\t\t\t\t<div class=\"elementor-element elementor-element-8305732 elementor-view-stacked elementor-shape-circle elementor-position-block-start elementor-mobile-position-block-start elementor-widget elementor-widget-icon-box\" data-id=\"8305732\" data-element_type=\"widget\" data-e-type=\"widget\" data-widget_type=\"icon-box.default\">\n\t\t\t\t<div class=\"elementor-widget-container\">\n\t\t\t\t\t\t\t<div class=\"elementor-icon-box-wrapper\">\n\n\t\t\t\t\t\t<div class=\"elementor-icon-box-icon\">\n\t\t\t\t<span  class=\"elementor-icon\">\n\t\t\t\t<svg xmlns=\"http:\/\/www.w3.org\/2000\/svg\" id=\"Capa_1\" height=\"512\" viewbox=\"0 0 512 512\" width=\"512\"><g><path d=\"m497 275.008h-1v-21.052c0-63.857-25.033-124.059-70.487-169.513-41.884-41.884-96.292-66.411-154.542-70.008-.299-8.02-6.877-14.435-14.971-14.435s-14.672 6.415-14.971 14.435c-58.25 3.598-112.658 28.125-154.542 70.008-45.454 45.454-70.487 105.656-70.487 169.513v21.052h-1c-8.284 0-15 6.716-15 15v30c0 24.813 20.187 45 45 45h166v64.391c-27.296 11.895-48.825 34.032-59.955 62.066-1.834 4.62-1.261 9.848 1.531 13.961 2.792 4.112 7.439 6.574 12.41 6.574h182.028c4.971 0 9.618-2.462 12.41-6.575 2.792-4.112 3.365-9.341 1.531-13.96-11.131-28.034-32.66-50.173-59.956-62.066v-64.391h166c24.813 0 45-20.187 45-45v-30c.001-8.284-6.715-15-14.999-15zm-180.75-120.009c-4.034 0-7.819-1.621-10.614-4.437 2.169-5.781 3.363-12.034 3.363-18.563 0-1.676-.087-3.332-.24-4.969 1.878-1.102 4.369-2.03 7.491-2.03 8.271 0 15 6.729 15 14.999 0 8.272-6.729 15-15 15zm-60.25 0c-12.682 0-23-10.317-23-23 0-12.682 10.317-22.999 23-22.999s23 10.317 23 22.999c0 12.683-10.317 23-23 23zm-49.636-4.436c-2.792 2.817-6.574 4.436-10.614 4.436-8.271 0-15-6.729-15-15s6.729-14.999 15-14.999c2.668 0 5.236.726 7.491 2.039-.152 1.634-.24 3.287-.24 4.96 0 6.529 1.194 12.783 3.363 18.564zm167.636 34.437v29.999h-236v-29.999zm-236 60h236v30h-236zm-92 8.956c0-115.794 94.206-210 210-210 115.794 0 210 94.206 210 210v21.044h-62v-105c0-8.284-6.716-15-15-15h-30.33c1.665-4.695 2.581-9.742 2.581-15.001 0-24.812-20.187-44.999-45-44.999-6.501 0-12.893 1.427-18.737 4.109-9.717-12.238-24.709-20.109-41.514-20.109-16.8 0-31.789 7.867-41.506 20.1-5.804-2.667-12.174-4.1-18.744-4.1-24.813 0-45 20.187-45 44.999 0 5.259.915 10.306 2.581 15.001h-30.331c-8.284 0-15 6.716-15 15v105h-62zm235.37 200.047c15.748 5.11 29.68 15.05 39.855 27.997h-130.45c10.175-12.947 24.107-22.887 39.855-27.997 6.183-2.007 10.37-7.768 10.37-14.268v-74.728h30v74.728c0 6.5 4.187 12.261 10.37 14.268zm200.63-133.995c0 8.271-6.729 15-15 15h-422c-8.271 0-15-6.729-15-15v-15h452z\"><\/path><\/g><\/svg>\t\t\t\t<\/span>\n\t\t\t<\/div>\n\t\t\t\n\t\t\t\t\t\t<div class=\"elementor-icon-box-content\">\n\n\t\t\t\t\t\t\t\t\t<div class=\"elementor-icon-box-title\">\n\t\t\t\t\t\t<span  >\n\t\t\t\t\t\t\tSobres de Menjablanc de Reus\t\t\t\t\t\t<\/span>\n\t\t\t\t\t<\/div>\n\t\t\t\t\n\t\t\t\t\n\t\t\t<\/div>\n\t\t\t\n\t\t<\/div>\n\t\t\t\t\t\t<\/div>\n\t\t\t\t<\/div>\n\t\t\t\t<div class=\"elementor-element elementor-element-0753823 elementor-widget elementor-widget-text-editor\" data-id=\"0753823\" data-element_type=\"widget\" data-e-type=\"widget\" data-widget_type=\"text-editor.default\">\n\t\t\t\t<div class=\"elementor-widget-container\">\n\t\t\t\t\t\t\t\t\t<p><span style=\"font-weight: 400;\">Crema de almendras con matices de canela y lim\u00f3n, f\u00e1cil de preparar en casa en s\u00f3lo <\/span><b>2 minutos<\/b><span style=\"font-weight: 400;\">. Un producto vegano, ligero y arom\u00e1tico, ideal para toda la familia y para disfrutarlo como desayuno, merienda o postre.<\/span><\/p><p><span style=\"font-weight: 400;\">Tradicionalmente servido en tarrina de maceta, el Comeblanc de Reus es uno de los postres m\u00e1s emblem\u00e1ticos de la ciudad.<\/span><\/p>\t\t\t\t\t\t\t\t<\/div>\n\t\t\t\t<\/div>\n\t\t\t\t<div class=\"elementor-element elementor-element-fb5681e elementor-align-left elementor-mobile-align-justify elementor-widget-mobile__width-inherit elementor-widget elementor-widget-button\" data-id=\"fb5681e\" data-element_type=\"widget\" data-e-type=\"widget\" data-widget_type=\"button.default\">\n\t\t\t\t<div class=\"elementor-widget-container\">\n\t\t\t\t\t\t\t\t\t<div class=\"elementor-button-wrapper\">\n\t\t\t\t\t<a class=\"elementor-button elementor-button-link elementor-size-sm elementor-animation-grow\" href=\"https:\/\/menjablancdereus.com\/es\/producto\/estoig-menjablanc-de-reus-150-g\/\">\n\t\t\t\t\t\t<span class=\"elementor-button-content-wrapper\">\n\t\t\t\t\t\t<span class=\"elementor-button-icon\">\n\t\t\t\t<i aria-hidden=\"true\" class=\"material-icons md-call_made\" data-md-icon=\"call_made\"><\/i>\t\t\t<\/span>\n\t\t\t\t\t\t\t\t\t<span class=\"elementor-button-text\">Ver sobres de Menjablanc<\/span>\n\t\t\t\t\t<\/span>\n\t\t\t\t\t<\/a>\n\t\t\t\t<\/div>\n\t\t\t\t\t\t\t\t<\/div>\n\t\t\t\t<\/div>\n\t\t\t\t<\/div>\n\t\t<div class=\"elementor-element elementor-element-def9b85 animated-slow e-con-full e-flex elementor-invisible e-con e-child\" data-id=\"def9b85\" data-element_type=\"container\" data-e-type=\"container\" data-settings=\"{&quot;background_background&quot;:&quot;classic&quot;,&quot;animation&quot;:&quot;fadeInLeft&quot;}\">\n\t\t\t\t<div class=\"elementor-element elementor-element-cdcdc52 elementor-view-stacked elementor-shape-circle elementor-position-block-start elementor-mobile-position-block-start elementor-widget elementor-widget-icon-box\" data-id=\"cdcdc52\" data-element_type=\"widget\" data-e-type=\"widget\" data-widget_type=\"icon-box.default\">\n\t\t\t\t<div class=\"elementor-widget-container\">\n\t\t\t\t\t\t\t<div class=\"elementor-icon-box-wrapper\">\n\n\t\t\t\t\t\t<div class=\"elementor-icon-box-icon\">\n\t\t\t\t<span  class=\"elementor-icon\">\n\t\t\t\t<svg xmlns=\"http:\/\/www.w3.org\/2000\/svg\" id=\"Capa_1\" height=\"512\" viewbox=\"0 0 512.082 512.082\" width=\"512\"><g><path d=\"m210.218 224.229c-28.392-16.868-44.676-45.629-44.676-78.907v-57.969c3.924-2.706 6.499-7.226 6.499-12.353v-60c0-8.284-6.716-15-15-15h-72.999c-8.284 0-15 6.716-15 15v60c0 5.127 2.576 9.648 6.5 12.354v57.968c0 33.278-16.284 62.039-44.677 78.906-19.589 11.638-30.824 31.38-30.824 54.164v188.69c0 24.813 20.187 45 45 45h151.001c24.813 0 45-20.187 45-45v-188.69c0-22.785-11.235-42.526-30.824-54.163zm-68.177-194.229v29.917h-42.999v-29.917zm-95.853 220.02c37.721-22.409 59.354-60.57 59.354-104.698v-55.322h30v55.321c0 44.128 21.634 82.289 59.354 104.698 10.412 6.187 16.146 16.262 16.146 28.372v3.928c-3.283-1.983-6.812-3.86-10.587-5.617-21.755-10.126-50.136-15.702-79.914-15.702-29.793 0-58.173 5.543-79.912 15.608-3.775 1.748-7.304 3.616-10.588 5.591v-3.807c0-12.111 5.734-22.186 16.147-28.372zm164.854 161.967-181.001-.139v-86.754c1.868-14.456 36.511-34.094 90.5-34.094 54.331 0 89.08 20.011 90.501 34.562zm-15 70.095h-151.001c-8.271 0-15-6.729-15-15v-25.233l181.001.139v25.094c0 8.272-6.729 15-15 15z\"><\/path><path d=\"m511.413 282.704-13.324-44.577c6.585-4.283 10.952-11.702 10.952-20.127v-42.001c0-13.233-10.766-23.999-23.999-23.999h-188.001c-13.233 0-24 10.766-24 23.999v42.001c0 8.419 4.362 15.834 10.94 20.119l-13.313 44.59c-.416 1.393-.627 2.838-.627 4.291v180.001c0 24.813 20.187 45 45 45h152c24.813 0 45-20.187 45-45v-180.001c0-1.455-.212-2.902-.628-4.296zm-29.372 105.296h-30v-36.001h30zm-32.718-66.001c-7.704-24.866-30.916-42.98-58.282-42.98s-50.578 18.114-58.282 42.98h-32.718v-32.808l14.09-47.191h153.804l14.106 47.193v32.806zm-149.282 30h30v36.001h-30zm60-11.981c0-17.093 13.906-30.999 31-30.999s31 13.906 31 30.999v69.001h-62zm-57-158.018h176v29.999h-176zm164 300.001h-152c-8.271 0-15-6.729-15-15v-49.001h30v6.019c0 8.284 6.716 15 15 15h92c8.284 0 15-6.716 15-15v-6.019h30v49.001c0 8.271-6.729 15-15 15z\"><\/path><\/g><\/svg>\t\t\t\t<\/span>\n\t\t\t<\/div>\n\t\t\t\n\t\t\t\t\t\t<div class=\"elementor-icon-box-content\">\n\n\t\t\t\t\t\t\t\t\t<div class=\"elementor-icon-box-title\">\n\t\t\t\t\t\t<span  >\n\t\t\t\t\t\t\tLicor de Menjablanc\t\t\t\t\t\t<\/span>\n\t\t\t\t\t<\/div>\n\t\t\t\t\n\t\t\t\t\n\t\t\t<\/div>\n\t\t\t\n\t\t<\/div>\n\t\t\t\t\t\t<\/div>\n\t\t\t\t<\/div>\n\t\t\t\t<div class=\"elementor-element elementor-element-e66f6fe elementor-widget elementor-widget-text-editor\" data-id=\"e66f6fe\" data-element_type=\"widget\" data-e-type=\"widget\" data-widget_type=\"text-editor.default\">\n\t\t\t\t<div class=\"elementor-widget-container\">\n\t\t\t\t\t\t\t\t\t<p><span style=\"font-weight: 400;\">Crema de licor con el caracter\u00edstico sabor de almendras, canela y lim\u00f3n. <\/span><b>Sin lactosa y sin gluten<\/b><span style=\"font-weight: 400;\">, con una graduaci\u00f3n de <\/span><b>16\u00b0<\/b><span style=\"font-weight: 400;\">, pensada para agradar a todos los p\u00fablicos.<\/span><\/p><p><span style=\"font-weight: 400;\">Puede tomarse solo, con hielo o mezclado con caf\u00e9. No se diluye f\u00e1cilmente, por lo que mantiene su sabor durante m\u00e1s tiempo.<\/span><\/p>\t\t\t\t\t\t\t\t<\/div>\n\t\t\t\t<\/div>\n\t\t\t\t<div class=\"elementor-element elementor-element-80b9775 elementor-align-left elementor-mobile-align-justify elementor-widget-mobile__width-inherit elementor-widget elementor-widget-button\" data-id=\"80b9775\" data-element_type=\"widget\" data-e-type=\"widget\" data-widget_type=\"button.default\">\n\t\t\t\t<div class=\"elementor-widget-container\">\n\t\t\t\t\t\t\t\t\t<div class=\"elementor-button-wrapper\">\n\t\t\t\t\t<a class=\"elementor-button elementor-button-link elementor-size-sm elementor-animation-grow\" href=\"https:\/\/menjablancdereus.com\/es\/producto\/ampolla-licor-menjablanc-de-reus-700-ml\/\">\n\t\t\t\t\t\t<span class=\"elementor-button-content-wrapper\">\n\t\t\t\t\t\t<span class=\"elementor-button-icon\">\n\t\t\t\t<i aria-hidden=\"true\" class=\"material-icons md-call_made\" data-md-icon=\"call_made\"><\/i>\t\t\t<\/span>\n\t\t\t\t\t\t\t\t\t<span class=\"elementor-button-text\">Ver licor de Menjablanc<\/span>\n\t\t\t\t\t<\/span>\n\t\t\t\t\t<\/a>\n\t\t\t\t<\/div>\n\t\t\t\t\t\t\t\t<\/div>\n\t\t\t\t<\/div>\n\t\t\t\t<\/div>\n\t\t\t\t<\/div>\n\t\t\t\t<div class=\"elementor-element elementor-element-7ccf6fb elementor-grid-3 elementor-grid-tablet-2 elementor-grid-mobile-1 elementor-products-grid elementor-wc-products elementor-widget elementor-widget-woocommerce-products\" data-id=\"7ccf6fb\" data-element_type=\"widget\" data-e-type=\"widget\" data-widget_type=\"woocommerce-products.default\">\n\t\t\t\t<div class=\"elementor-widget-container\">\n\t\t\t\t\t<div class=\"woocommerce columns-3\"><ul class=\"products elementor-grid columns-3\">\n<li class=\"product type-product post-802 status-publish first instock product_cat-sense-categoria has-post-thumbnail shipping-taxable purchasable product-type-simple\">\n\t<a href=\"https:\/\/menjablancdereus.com\/es\/producto\/1-ampolla-de-licor-1-estoig-de-menjablanc-de-reus\/\" class=\"woocommerce-LoopProduct-link woocommerce-loop-product__link\"><img fetchpriority=\"high\" decoding=\"async\" width=\"300\" height=\"300\" src=\"https:\/\/menjablancdereus.com\/wp-content\/uploads\/2026\/02\/Licorpostres-VC-300x300.jpg\" class=\"attachment-woocommerce_thumbnail size-woocommerce_thumbnail\" alt=\"1 ampolla de Licor + 1 Estoig de Menjablanc de Reus\" srcset=\"https:\/\/menjablancdereus.com\/wp-content\/uploads\/2026\/02\/Licorpostres-VC-300x300.jpg 300w, https:\/\/menjablancdereus.com\/wp-content\/uploads\/2026\/02\/Licorpostres-VC-100x100.jpg 100w, https:\/\/menjablancdereus.com\/wp-content\/uploads\/2026\/02\/Licorpostres-VC-150x150.jpg 150w\" sizes=\"(max-width: 300px) 100vw, 300px\" \/><h2 class=\"woocommerce-loop-product__title\">1 botella de Licor + 1 Estuche de Menjablanc de Reus<\/h2>\n\t<span class=\"price\"><span class=\"woocommerce-Price-amount amount\"><bdi><span class=\"woocommerce-Price-currencySymbol\">\u20ac<\/span>&nbsp;17,95<\/bdi><\/span><\/span>\n<\/a><\/li>\n<li class=\"product type-product post-787 status-publish instock product_cat-sense-categoria has-post-thumbnail shipping-taxable purchasable product-type-simple\">\n\t<a href=\"https:\/\/menjablancdereus.com\/es\/producto\/ampolla-licor-menjablanc-de-reus-700-ml\/\" class=\"woocommerce-LoopProduct-link woocommerce-loop-product__link\"><img decoding=\"async\" width=\"300\" height=\"300\" src=\"https:\/\/menjablancdereus.com\/wp-content\/uploads\/2026\/01\/Licor-Davant-VC-300x300.jpg\" class=\"attachment-woocommerce_thumbnail size-woocommerce_thumbnail\" alt=\"Ampolla Licor Menjablanc de Reus 700\u202fml\" srcset=\"https:\/\/menjablancdereus.com\/wp-content\/uploads\/2026\/01\/Licor-Davant-VC-300x300.jpg 300w, https:\/\/menjablancdereus.com\/wp-content\/uploads\/2026\/01\/Licor-Davant-VC-100x100.jpg 100w, https:\/\/menjablancdereus.com\/wp-content\/uploads\/2026\/01\/Licor-Davant-VC-150x150.jpg 150w\" sizes=\"(max-width: 300px) 100vw, 300px\" \/><h2 class=\"woocommerce-loop-product__title\">Botella Licor Menjablanc de Reus 700 ml<\/h2>\n\t<span class=\"price\"><span class=\"woocommerce-Price-amount amount\"><bdi><span class=\"woocommerce-Price-currencySymbol\">\u20ac<\/span>&nbsp;14,85<\/bdi><\/span><\/span>\n<\/a><\/li>\n<li class=\"product type-product post-786 status-publish last instock product_cat-sense-categoria has-post-thumbnail shipping-taxable purchasable product-type-simple\">\n\t<a href=\"https:\/\/menjablancdereus.com\/es\/producto\/estoig-menjablanc-de-reus-150-g\/\" class=\"woocommerce-LoopProduct-link woocommerce-loop-product__link\"><img decoding=\"async\" width=\"300\" height=\"300\" src=\"https:\/\/menjablancdereus.com\/wp-content\/uploads\/2026\/01\/Postres-Davant-Lateral-300x300.png\" class=\"attachment-woocommerce_thumbnail size-woocommerce_thumbnail\" alt=\"Estoig Menjablanc de Reus 150\u202fg\" srcset=\"https:\/\/menjablancdereus.com\/wp-content\/uploads\/2026\/01\/Postres-Davant-Lateral-300x300.png 300w, https:\/\/menjablancdereus.com\/wp-content\/uploads\/2026\/01\/Postres-Davant-Lateral-100x100.png 100w, https:\/\/menjablancdereus.com\/wp-content\/uploads\/2026\/01\/Postres-Davant-Lateral-150x150.png 150w\" sizes=\"(max-width: 300px) 100vw, 300px\" \/><h2 class=\"woocommerce-loop-product__title\">Estuche Menjablanc de Reus 150 g<\/h2>\n\t<span class=\"price\"><span class=\"woocommerce-Price-amount amount\"><bdi><span class=\"woocommerce-Price-currencySymbol\">\u20ac<\/span>&nbsp;4,40<\/bdi><\/span><\/span>\n<\/a><\/li>\n<\/ul>\n<\/div>\t\t\t\t<\/div>\n\t\t\t\t<\/div>\n\t\t\t\t\t<\/div>\n\t\t\t\t<\/div>\n\t\t\t\t<\/div>","protected":false},"excerpt":{"rendered":"<p>Inici Productes Menjablanc de Reus Descobreix els nostres productes elaborats a partir de la recepta tradicional del Menjablanc de Reus. Productes de fabricaci\u00f3 pr\u00f2pia, vegans i amb m\u00e9s de 100 anys de tradici\u00f3, pensats per gaudir a casa o regalar. Sobres de Menjablanc de Reus Crema d\u2019ametlles amb matisos de canyella i llimona, f\u00e0cil de [&hellip;]<\/p>\n","protected":false},"author":1,"featured_media":0,"parent":0,"menu_order":0,"comment_status":"closed","ping_status":"closed","template":"","meta":{"footnotes":""},"class_list":["post-336","page","type-page","status-publish","hentry"],"yoast_head":"<!-- This site is optimized with the Yoast SEO plugin v27.1.1 - https:\/\/yoast.com\/product\/yoast-seo-wordpress\/ -->\n<title>Productes Menjablanc - El Menjablanc de Reus<\/title>\n<meta name=\"robots\" content=\"index, follow, max-snippet:-1, max-image-preview:large, max-video-preview:-1\" \/>\n<link rel=\"canonical\" href=\"https:\/\/menjablancdereus.com\/es\/productes-menjablanc\/\" \/>\n<meta property=\"og:locale\" content=\"es_ES\" \/>\n<meta property=\"og:type\" content=\"article\" \/>\n<meta property=\"og:title\" content=\"Productes Menjablanc - El Menjablanc de Reus\" \/>\n<meta property=\"og:description\" content=\"Inici Productes Menjablanc de Reus Descobreix els nostres productes elaborats a partir de la recepta tradicional del Menjablanc de Reus. Productes de fabricaci\u00f3 pr\u00f2pia, vegans i amb m\u00e9s de 100 anys de tradici\u00f3, pensats per gaudir a casa o regalar. Sobres de Menjablanc de Reus Crema d\u2019ametlles amb matisos de canyella i llimona, f\u00e0cil de [&hellip;]\" \/>\n<meta property=\"og:url\" content=\"https:\/\/menjablancdereus.com\/es\/productes-menjablanc\/\" \/>\n<meta property=\"og:site_name\" content=\"El Menjablanc de Reus\" \/>\n<meta property=\"article:modified_time\" content=\"2026-03-09T15:09:15+00:00\" \/>\n<meta name=\"twitter:card\" content=\"summary_large_image\" \/>\n<meta name=\"twitter:label1\" content=\"Tiempo de lectura\" \/>\n\t<meta name=\"twitter:data1\" content=\"2 minutos\" \/>\n<script type=\"application\/ld+json\" class=\"yoast-schema-graph\">{\"@context\":\"https:\/\/schema.org\",\"@graph\":[{\"@type\":\"WebPage\",\"@id\":\"https:\/\/menjablancdereus.com\/productes-menjablanc\/\",\"url\":\"https:\/\/menjablancdereus.com\/productes-menjablanc\/\",\"name\":\"Productes Menjablanc - El Menjablanc de Reus\",\"isPartOf\":{\"@id\":\"https:\/\/menjablancdereus.com\/#website\"},\"datePublished\":\"2026-01-09T14:49:27+00:00\",\"dateModified\":\"2026-03-09T15:09:15+00:00\",\"breadcrumb\":{\"@id\":\"https:\/\/menjablancdereus.com\/productes-menjablanc\/#breadcrumb\"},\"inLanguage\":\"es\",\"potentialAction\":[{\"@type\":\"ReadAction\",\"target\":[\"https:\/\/menjablancdereus.com\/productes-menjablanc\/\"]}]},{\"@type\":\"BreadcrumbList\",\"@id\":\"https:\/\/menjablancdereus.com\/productes-menjablanc\/#breadcrumb\",\"itemListElement\":[{\"@type\":\"ListItem\",\"position\":1,\"name\":\"Portada\",\"item\":\"https:\/\/menjablancdereus.com\/\"},{\"@type\":\"ListItem\",\"position\":2,\"name\":\"Productes Menjablanc\"}]},{\"@type\":\"WebSite\",\"@id\":\"https:\/\/menjablancdereus.com\/#website\",\"url\":\"https:\/\/menjablancdereus.com\/\",\"name\":\"El Menjablanc de Reus\",\"description\":\"M\u00e9s de 100 anys de sabor\",\"potentialAction\":[{\"@type\":\"SearchAction\",\"target\":{\"@type\":\"EntryPoint\",\"urlTemplate\":\"https:\/\/menjablancdereus.com\/?s={search_term_string}\"},\"query-input\":{\"@type\":\"PropertyValueSpecification\",\"valueRequired\":true,\"valueName\":\"search_term_string\"}}],\"inLanguage\":\"es\"}]}<\/script>\n<!-- \/ Yoast SEO plugin. -->","yoast_head_json":{"title":"Productes Menjablanc - El Menjablanc de Reus","robots":{"index":"index","follow":"follow","max-snippet":"max-snippet:-1","max-image-preview":"max-image-preview:large","max-video-preview":"max-video-preview:-1"},"canonical":"https:\/\/menjablancdereus.com\/es\/productes-menjablanc\/","og_locale":"es_ES","og_type":"article","og_title":"Productes Menjablanc - El Menjablanc de Reus","og_description":"Inici Productes Menjablanc de Reus Descobreix els nostres productes elaborats a partir de la recepta tradicional del Menjablanc de Reus. Productes de fabricaci\u00f3 pr\u00f2pia, vegans i amb m\u00e9s de 100 anys de tradici\u00f3, pensats per gaudir a casa o regalar. Sobres de Menjablanc de Reus Crema d\u2019ametlles amb matisos de canyella i llimona, f\u00e0cil de [&hellip;]","og_url":"https:\/\/menjablancdereus.com\/es\/productes-menjablanc\/","og_site_name":"El Menjablanc de Reus","article_modified_time":"2026-03-09T15:09:15+00:00","twitter_card":"summary_large_image","twitter_misc":{"Tiempo de lectura":"2 minutos"},"schema":{"@context":"https:\/\/schema.org","@graph":[{"@type":"WebPage","@id":"https:\/\/menjablancdereus.com\/productes-menjablanc\/","url":"https:\/\/menjablancdereus.com\/productes-menjablanc\/","name":"Productes Menjablanc - El Menjablanc de Reus","isPartOf":{"@id":"https:\/\/menjablancdereus.com\/#website"},"datePublished":"2026-01-09T14:49:27+00:00","dateModified":"2026-03-09T15:09:15+00:00","breadcrumb":{"@id":"https:\/\/menjablancdereus.com\/productes-menjablanc\/#breadcrumb"},"inLanguage":"es","potentialAction":[{"@type":"ReadAction","target":["https:\/\/menjablancdereus.com\/productes-menjablanc\/"]}]},{"@type":"BreadcrumbList","@id":"https:\/\/menjablancdereus.com\/productes-menjablanc\/#breadcrumb","itemListElement":[{"@type":"ListItem","position":1,"name":"Portada","item":"https:\/\/menjablancdereus.com\/"},{"@type":"ListItem","position":2,"name":"Productes Menjablanc"}]},{"@type":"WebSite","@id":"https:\/\/menjablancdereus.com\/#website","url":"https:\/\/menjablancdereus.com\/","name":"El Comeblanco de Reus","description":"M\u00e1s de 100 a\u00f1os de sabor","potentialAction":[{"@type":"SearchAction","target":{"@type":"EntryPoint","urlTemplate":"https:\/\/menjablancdereus.com\/?s={search_term_string}"},"query-input":{"@type":"PropertyValueSpecification","valueRequired":true,"valueName":"search_term_string"}}],"inLanguage":"es"}]}},"_links":{"self":[{"href":"https:\/\/menjablancdereus.com\/es\/wp-json\/wp\/v2\/pages\/336","targetHints":{"allow":["GET"]}}],"collection":[{"href":"https:\/\/menjablancdereus.com\/es\/wp-json\/wp\/v2\/pages"}],"about":[{"href":"https:\/\/menjablancdereus.com\/es\/wp-json\/wp\/v2\/types\/page"}],"author":[{"embeddable":true,"href":"https:\/\/menjablancdereus.com\/es\/wp-json\/wp\/v2\/users\/1"}],"replies":[{"embeddable":true,"href":"https:\/\/menjablancdereus.com\/es\/wp-json\/wp\/v2\/comments?post=336"}],"version-history":[{"count":49,"href":"https:\/\/menjablancdereus.com\/es\/wp-json\/wp\/v2\/pages\/336\/revisions"}],"predecessor-version":[{"id":1014,"href":"https:\/\/menjablancdereus.com\/es\/wp-json\/wp\/v2\/pages\/336\/revisions\/1014"}],"wp:attachment":[{"href":"https:\/\/menjablancdereus.com\/es\/wp-json\/wp\/v2\/media?parent=336"}],"curies":[{"name":"wp","href":"https:\/\/api.w.org\/{rel}","templated":true}]}}