{"id":233,"date":"2025-08-11T20:59:14","date_gmt":"2025-08-11T18:59:14","guid":{"rendered":"https:\/\/alguma.simplificandotuweb.com\/?page_id=233"},"modified":"2026-03-09T15:58:29","modified_gmt":"2026-03-09T14:58:29","slug":"sobre-nosaltres","status":"publish","type":"page","link":"https:\/\/menjablancdereus.com\/es\/sobre-nosaltres\/","title":{"rendered":"Sobre nosotros"},"content":{"rendered":"<div data-elementor-type=\"wp-page\" data-elementor-id=\"233\" class=\"elementor elementor-233\" data-elementor-post-type=\"page\">\n\t\t\t\t<div class=\"elementor-element elementor-element-f8b592c e-flex e-con-boxed e-con e-parent\" data-id=\"f8b592c\" data-element_type=\"container\" data-e-type=\"container\" data-settings=\"{&quot;background_background&quot;:&quot;classic&quot;}\">\n\t\t\t\t\t<div class=\"e-con-inner\">\n\t\t<div class=\"elementor-element elementor-element-e68403d e-con-full e-flex elementor-invisible e-con e-child\" data-id=\"e68403d\" data-element_type=\"container\" data-e-type=\"container\" data-settings=\"{&quot;background_background&quot;:&quot;classic&quot;,&quot;animation&quot;:&quot;fadeInRight&quot;}\">\n\t\t\t\t<div class=\"elementor-element elementor-element-11bdf21 elementor-widget elementor-widget-heading\" data-id=\"11bdf21\" data-element_type=\"widget\" data-e-type=\"widget\" data-widget_type=\"heading.default\">\n\t\t\t\t<div class=\"elementor-widget-container\">\n\t\t\t\t\t<h1 class=\"elementor-heading-title elementor-size-default\">Sobre nosotros<\/h1>\t\t\t\t<\/div>\n\t\t\t\t<\/div>\n\t\t\t\t<div class=\"elementor-element elementor-element-7a7d161 elementor-icon-list--layout-inline elementor-list-item-link-full_width elementor-widget elementor-widget-icon-list\" data-id=\"7a7d161\" data-element_type=\"widget\" data-e-type=\"widget\" data-widget_type=\"icon-list.default\">\n\t\t\t\t<div class=\"elementor-widget-container\">\n\t\t\t\t\t\t\t<ul class=\"elementor-icon-list-items elementor-inline-items\">\n\t\t\t\t\t\t\t<li class=\"elementor-icon-list-item elementor-inline-item\">\n\t\t\t\t\t\t\t\t\t\t\t<a href=\"https:\/\/menjablancdereus.com\/es\/\">\n\n\t\t\t\t\t\t\t\t\t\t\t<span class=\"elementor-icon-list-text\">Inicio<\/span>\n\t\t\t\t\t\t\t\t\t\t\t<\/a>\n\t\t\t\t\t\t\t\t\t<\/li>\n\t\t\t\t\t\t\t\t<li class=\"elementor-icon-list-item elementor-inline-item\">\n\t\t\t\t\t\t\t\t\t\t\t<a href=\"https:\/\/menjablancdereus.com\/es\/sobre-nosaltres\/\">\n\n\t\t\t\t\t\t\t\t\t\t\t\t<span class=\"elementor-icon-list-icon\">\n\t\t\t\t\t\t\t<i aria-hidden=\"true\" class=\"material-icons md-keyboard_double_arrow_right\" data-md-icon=\"keyboard_double_arrow_right\"><\/i>\t\t\t\t\t\t<\/span>\n\t\t\t\t\t\t\t\t\t\t<span class=\"elementor-icon-list-text\">Sobre nosotros<\/span>\n\t\t\t\t\t\t\t\t\t\t\t<\/a>\n\t\t\t\t\t\t\t\t\t<\/li>\n\t\t\t\t\t\t<\/ul>\n\t\t\t\t\t\t<\/div>\n\t\t\t\t<\/div>\n\t\t\t\t<\/div>\n\t\t\t\t\t<\/div>\n\t\t\t\t<\/div>\n\t\t<div class=\"elementor-element elementor-element-52cab05 e-flex e-con-boxed e-con e-parent\" data-id=\"52cab05\" data-element_type=\"container\" data-e-type=\"container\">\n\t\t\t\t\t<div class=\"e-con-inner\">\n\t\t<div class=\"elementor-element elementor-element-eef02fb e-con-full e-flex e-con e-child\" data-id=\"eef02fb\" data-element_type=\"container\" data-e-type=\"container\">\n\t\t\t\t<div class=\"elementor-element elementor-element-2924632 elementor-invisible elementor-widget elementor-widget-image\" data-id=\"2924632\" data-element_type=\"widget\" data-e-type=\"widget\" data-settings=\"{&quot;_animation&quot;:&quot;zoomIn&quot;}\" data-widget_type=\"image.default\">\n\t\t\t\t<div class=\"elementor-widget-container\">\n\t\t\t\t\t\t\t\t\t\t\t\t\t\t\t<img fetchpriority=\"high\" decoding=\"async\" width=\"1920\" height=\"1080\" src=\"https:\/\/menjablancdereus.com\/wp-content\/uploads\/2026\/01\/11.webp\" class=\"attachment-full size-full wp-image-489\" alt=\"\" srcset=\"https:\/\/menjablancdereus.com\/wp-content\/uploads\/2026\/01\/11.webp 1920w, https:\/\/menjablancdereus.com\/wp-content\/uploads\/2026\/01\/11-600x338.webp 600w, https:\/\/menjablancdereus.com\/wp-content\/uploads\/2026\/01\/11-300x169.webp 300w, https:\/\/menjablancdereus.com\/wp-content\/uploads\/2026\/01\/11-1024x576.webp 1024w, https:\/\/menjablancdereus.com\/wp-content\/uploads\/2026\/01\/11-768x432.webp 768w, https:\/\/menjablancdereus.com\/wp-content\/uploads\/2026\/01\/11-1536x864.webp 1536w\" sizes=\"(max-width: 1920px) 100vw, 1920px\" \/>\t\t\t\t\t\t\t\t\t\t\t\t\t\t\t<\/div>\n\t\t\t\t<\/div>\n\t\t\t\t<\/div>\n\t\t<div class=\"elementor-element elementor-element-a3a142c e-con-full e-flex elementor-invisible e-con e-child\" data-id=\"a3a142c\" data-element_type=\"container\" data-e-type=\"container\" data-settings=\"{&quot;animation&quot;:&quot;fadeInRight&quot;}\">\n\t\t\t\t<div class=\"elementor-element elementor-element-5de761a elementor-widget elementor-widget-heading\" data-id=\"5de761a\" data-element_type=\"widget\" data-e-type=\"widget\" data-widget_type=\"heading.default\">\n\t\t\t\t<div class=\"elementor-widget-container\">\n\t\t\t\t\t<h2 class=\"elementor-heading-title elementor-size-default\">Nuestra historia y tradici\u00f3n\n\n\n\n<\/h2>\t\t\t\t<\/div>\n\t\t\t\t<\/div>\n\t\t\t\t<div class=\"elementor-element elementor-element-c81d8c6 elementor-widget elementor-widget-text-editor\" data-id=\"c81d8c6\" data-element_type=\"widget\" data-e-type=\"widget\" data-widget_type=\"text-editor.default\">\n\t\t\t\t<div class=\"elementor-widget-container\">\n\t\t\t\t\t\t\t\t\t<p>Desde el a\u00f1o 2003, <strong>Josep Franquet<\/strong>, reconocido Mestre Artes\u00e0 Pastisser, por la Generalitat de Catalunya y en su hijo Robert, cuidan y elaboran con ingredientes naturales, el postre m\u00e1s emblem\u00e1tico de la ciudad de Reus y de nuestra regi\u00f3n.<\/p>\t\t\t\t\t\t\t\t<\/div>\n\t\t\t\t<\/div>\n\t\t\t\t<\/div>\n\t\t\t\t\t<\/div>\n\t\t\t\t<\/div>\n\t\t<div class=\"elementor-element elementor-element-387a65a e-flex e-con-boxed e-con e-parent\" data-id=\"387a65a\" data-element_type=\"container\" data-e-type=\"container\" data-settings=\"{&quot;background_background&quot;:&quot;classic&quot;}\">\n\t\t\t\t\t<div class=\"e-con-inner\">\n\t\t\t\t<div class=\"elementor-element elementor-element-973b898 elementor-widget elementor-widget-heading\" data-id=\"973b898\" data-element_type=\"widget\" data-e-type=\"widget\" data-widget_type=\"heading.default\">\n\t\t\t\t<div class=\"elementor-widget-container\">\n\t\t\t\t\t<h3 class=\"elementor-heading-title elementor-size-default\">Calidad, artesan\u00eda y sabor mediterr\u00e1neo\n\n\n<\/h3>\t\t\t\t<\/div>\n\t\t\t\t<\/div>\n\t\t\t\t<div class=\"elementor-element elementor-element-b39ae03 elementor-widget__width-initial elementor-widget-mobile__width-inherit elementor-widget elementor-widget-text-editor\" data-id=\"b39ae03\" data-element_type=\"widget\" data-e-type=\"widget\" data-widget_type=\"text-editor.default\">\n\t\t\t\t<div class=\"elementor-widget-container\">\n\t\t\t\t\t\t\t\t\t<p>Somos la familia que mantiene vivo lo tradicional <strong>Menjablanc de Reus<\/strong> para hacer en casa, aportando la dedicaci\u00f3n y pasi\u00f3n que nos permite ofrecer este postre tan delicioso y el Licor m\u00e1s sabroso. Cada trago y cada cucharada de Menjablanc de Reus, es un homenaje adem\u00e1s de <strong>100 a\u00f1os de historia<\/strong>.<\/p>\t\t\t\t\t\t\t\t<\/div>\n\t\t\t\t<\/div>\n\t\t\t\t<div class=\"elementor-element elementor-element-dcca93f elementor-align-center elementor-widget elementor-widget-button\" data-id=\"dcca93f\" data-element_type=\"widget\" data-e-type=\"widget\" data-widget_type=\"button.default\">\n\t\t\t\t<div class=\"elementor-widget-container\">\n\t\t\t\t\t\t\t\t\t<div class=\"elementor-button-wrapper\">\n\t\t\t\t\t<a class=\"elementor-button elementor-button-link elementor-size-lg elementor-animation-grow\" href=\"https:\/\/menjablancdereus.com\/es\/productes-menjablanc\/\">\n\t\t\t\t\t\t<span class=\"elementor-button-content-wrapper\">\n\t\t\t\t\t\t<span class=\"elementor-button-icon\">\n\t\t\t\t<i aria-hidden=\"true\" class=\"material-icons md-restaurant_menu\" data-md-icon=\"restaurant_menu\"><\/i>\t\t\t<\/span>\n\t\t\t\t\t\t\t\t\t<span class=\"elementor-button-text\">Descubre nuestros productos<\/span>\n\t\t\t\t\t<\/span>\n\t\t\t\t\t<\/a>\n\t\t\t\t<\/div>\n\t\t\t\t\t\t\t\t<\/div>\n\t\t\t\t<\/div>\n\t\t\t\t\t<\/div>\n\t\t\t\t<\/div>\n\t\t\t\t<\/div>","protected":false},"excerpt":{"rendered":"<p>Inici La nostra hist\u00f2ria i tradici\u00f3 Des de l\u2019any 2003, Josep Franquet, reconegut Mestre Artes\u00e0 Pastisser, per la Generalitat de Catalunya i en seu fill Robert, cuiden i elaboren amb ingredients naturals, les postres m\u00e9s emblem\u00e0tiques de la ciutat de Reus i de les nostres contrades. Qualitat, artesania i sabor mediterrani Som la fam\u00edlia que [&hellip;]<\/p>\n","protected":false},"author":1,"featured_media":0,"parent":0,"menu_order":0,"comment_status":"closed","ping_status":"closed","template":"","meta":{"footnotes":""},"class_list":["post-233","page","type-page","status-publish","hentry"],"yoast_head":"<!-- This site is optimized with the Yoast SEO plugin v27.1.1 - https:\/\/yoast.com\/product\/yoast-seo-wordpress\/ -->\n<title>Sobre nosaltres - El Menjablanc de Reus<\/title>\n<meta name=\"robots\" content=\"index, follow, max-snippet:-1, max-image-preview:large, max-video-preview:-1\" \/>\n<link rel=\"canonical\" href=\"https:\/\/menjablancdereus.com\/es\/sobre-nosaltres\/\" \/>\n<meta property=\"og:locale\" content=\"es_ES\" \/>\n<meta property=\"og:type\" content=\"article\" \/>\n<meta property=\"og:title\" content=\"Sobre nosaltres - El Menjablanc de Reus\" \/>\n<meta property=\"og:description\" content=\"Inici La nostra hist\u00f2ria i tradici\u00f3 Des de l\u2019any 2003, Josep Franquet, reconegut Mestre Artes\u00e0 Pastisser, per la Generalitat de Catalunya i en seu fill Robert, cuiden i elaboren amb ingredients naturals, les postres m\u00e9s emblem\u00e0tiques de la ciutat de Reus i de les nostres contrades. Qualitat, artesania i sabor mediterrani Som la fam\u00edlia que [&hellip;]\" \/>\n<meta property=\"og:url\" content=\"https:\/\/menjablancdereus.com\/es\/sobre-nosaltres\/\" \/>\n<meta property=\"og:site_name\" content=\"El Menjablanc de Reus\" \/>\n<meta property=\"article:modified_time\" content=\"2026-03-09T14:58:29+00:00\" \/>\n<meta property=\"og:image\" content=\"https:\/\/menjablancdereus.com\/wp-content\/uploads\/2026\/01\/11.webp\" \/>\n\t<meta property=\"og:image:width\" content=\"1920\" \/>\n\t<meta property=\"og:image:height\" content=\"1080\" \/>\n\t<meta property=\"og:image:type\" content=\"image\/webp\" \/>\n<meta name=\"twitter:card\" content=\"summary_large_image\" \/>\n<meta name=\"twitter:label1\" content=\"Tiempo de lectura\" \/>\n\t<meta name=\"twitter:data1\" content=\"1 minuto\" \/>\n<script type=\"application\/ld+json\" class=\"yoast-schema-graph\">{\"@context\":\"https:\/\/schema.org\",\"@graph\":[{\"@type\":\"WebPage\",\"@id\":\"https:\/\/menjablancdereus.com\/sobre-nosaltres\/\",\"url\":\"https:\/\/menjablancdereus.com\/sobre-nosaltres\/\",\"name\":\"Sobre nosaltres - El Menjablanc de Reus\",\"isPartOf\":{\"@id\":\"https:\/\/menjablancdereus.com\/#website\"},\"primaryImageOfPage\":{\"@id\":\"https:\/\/menjablancdereus.com\/sobre-nosaltres\/#primaryimage\"},\"image\":{\"@id\":\"https:\/\/menjablancdereus.com\/sobre-nosaltres\/#primaryimage\"},\"thumbnailUrl\":\"https:\/\/menjablancdereus.com\/wp-content\/uploads\/2026\/01\/11.webp\",\"datePublished\":\"2025-08-11T18:59:14+00:00\",\"dateModified\":\"2026-03-09T14:58:29+00:00\",\"breadcrumb\":{\"@id\":\"https:\/\/menjablancdereus.com\/sobre-nosaltres\/#breadcrumb\"},\"inLanguage\":\"es\",\"potentialAction\":[{\"@type\":\"ReadAction\",\"target\":[\"https:\/\/menjablancdereus.com\/sobre-nosaltres\/\"]}]},{\"@type\":\"ImageObject\",\"inLanguage\":\"es\",\"@id\":\"https:\/\/menjablancdereus.com\/sobre-nosaltres\/#primaryimage\",\"url\":\"https:\/\/menjablancdereus.com\/wp-content\/uploads\/2026\/01\/11.webp\",\"contentUrl\":\"https:\/\/menjablancdereus.com\/wp-content\/uploads\/2026\/01\/11.webp\"},{\"@type\":\"BreadcrumbList\",\"@id\":\"https:\/\/menjablancdereus.com\/sobre-nosaltres\/#breadcrumb\",\"itemListElement\":[{\"@type\":\"ListItem\",\"position\":1,\"name\":\"Portada\",\"item\":\"https:\/\/menjablancdereus.com\/\"},{\"@type\":\"ListItem\",\"position\":2,\"name\":\"Sobre nosaltres\"}]},{\"@type\":\"WebSite\",\"@id\":\"https:\/\/menjablancdereus.com\/#website\",\"url\":\"https:\/\/menjablancdereus.com\/\",\"name\":\"El Menjablanc de Reus\",\"description\":\"M\u00e9s de 100 anys de sabor\",\"potentialAction\":[{\"@type\":\"SearchAction\",\"target\":{\"@type\":\"EntryPoint\",\"urlTemplate\":\"https:\/\/menjablancdereus.com\/?s={search_term_string}\"},\"query-input\":{\"@type\":\"PropertyValueSpecification\",\"valueRequired\":true,\"valueName\":\"search_term_string\"}}],\"inLanguage\":\"es\"}]}<\/script>\n<!-- \/ Yoast SEO plugin. -->","yoast_head_json":{"title":"Sobre nosaltres - El Menjablanc de Reus","robots":{"index":"index","follow":"follow","max-snippet":"max-snippet:-1","max-image-preview":"max-image-preview:large","max-video-preview":"max-video-preview:-1"},"canonical":"https:\/\/menjablancdereus.com\/es\/sobre-nosaltres\/","og_locale":"es_ES","og_type":"article","og_title":"Sobre nosaltres - El Menjablanc de Reus","og_description":"Inici La nostra hist\u00f2ria i tradici\u00f3 Des de l\u2019any 2003, Josep Franquet, reconegut Mestre Artes\u00e0 Pastisser, per la Generalitat de Catalunya i en seu fill Robert, cuiden i elaboren amb ingredients naturals, les postres m\u00e9s emblem\u00e0tiques de la ciutat de Reus i de les nostres contrades. Qualitat, artesania i sabor mediterrani Som la fam\u00edlia que [&hellip;]","og_url":"https:\/\/menjablancdereus.com\/es\/sobre-nosaltres\/","og_site_name":"El Menjablanc de Reus","article_modified_time":"2026-03-09T14:58:29+00:00","og_image":[{"width":1920,"height":1080,"url":"https:\/\/menjablancdereus.com\/wp-content\/uploads\/2026\/01\/11.webp","type":"image\/webp"}],"twitter_card":"summary_large_image","twitter_misc":{"Tiempo de lectura":"1 minuto"},"schema":{"@context":"https:\/\/schema.org","@graph":[{"@type":"WebPage","@id":"https:\/\/menjablancdereus.com\/sobre-nosaltres\/","url":"https:\/\/menjablancdereus.com\/sobre-nosaltres\/","name":"Sobre nosaltres - El Menjablanc de Reus","isPartOf":{"@id":"https:\/\/menjablancdereus.com\/#website"},"primaryImageOfPage":{"@id":"https:\/\/menjablancdereus.com\/sobre-nosaltres\/#primaryimage"},"image":{"@id":"https:\/\/menjablancdereus.com\/sobre-nosaltres\/#primaryimage"},"thumbnailUrl":"https:\/\/menjablancdereus.com\/wp-content\/uploads\/2026\/01\/11.webp","datePublished":"2025-08-11T18:59:14+00:00","dateModified":"2026-03-09T14:58:29+00:00","breadcrumb":{"@id":"https:\/\/menjablancdereus.com\/sobre-nosaltres\/#breadcrumb"},"inLanguage":"es","potentialAction":[{"@type":"ReadAction","target":["https:\/\/menjablancdereus.com\/sobre-nosaltres\/"]}]},{"@type":"ImageObject","inLanguage":"es","@id":"https:\/\/menjablancdereus.com\/sobre-nosaltres\/#primaryimage","url":"https:\/\/menjablancdereus.com\/wp-content\/uploads\/2026\/01\/11.webp","contentUrl":"https:\/\/menjablancdereus.com\/wp-content\/uploads\/2026\/01\/11.webp"},{"@type":"BreadcrumbList","@id":"https:\/\/menjablancdereus.com\/sobre-nosaltres\/#breadcrumb","itemListElement":[{"@type":"ListItem","position":1,"name":"Portada","item":"https:\/\/menjablancdereus.com\/"},{"@type":"ListItem","position":2,"name":"Sobre nosaltres"}]},{"@type":"WebSite","@id":"https:\/\/menjablancdereus.com\/#website","url":"https:\/\/menjablancdereus.com\/","name":"El Comeblanco de Reus","description":"M\u00e1s de 100 a\u00f1os de sabor","potentialAction":[{"@type":"SearchAction","target":{"@type":"EntryPoint","urlTemplate":"https:\/\/menjablancdereus.com\/?s={search_term_string}"},"query-input":{"@type":"PropertyValueSpecification","valueRequired":true,"valueName":"search_term_string"}}],"inLanguage":"es"}]}},"_links":{"self":[{"href":"https:\/\/menjablancdereus.com\/es\/wp-json\/wp\/v2\/pages\/233","targetHints":{"allow":["GET"]}}],"collection":[{"href":"https:\/\/menjablancdereus.com\/es\/wp-json\/wp\/v2\/pages"}],"about":[{"href":"https:\/\/menjablancdereus.com\/es\/wp-json\/wp\/v2\/types\/page"}],"author":[{"embeddable":true,"href":"https:\/\/menjablancdereus.com\/es\/wp-json\/wp\/v2\/users\/1"}],"replies":[{"embeddable":true,"href":"https:\/\/menjablancdereus.com\/es\/wp-json\/wp\/v2\/comments?post=233"}],"version-history":[{"count":38,"href":"https:\/\/menjablancdereus.com\/es\/wp-json\/wp\/v2\/pages\/233\/revisions"}],"predecessor-version":[{"id":1008,"href":"https:\/\/menjablancdereus.com\/es\/wp-json\/wp\/v2\/pages\/233\/revisions\/1008"}],"wp:attachment":[{"href":"https:\/\/menjablancdereus.com\/es\/wp-json\/wp\/v2\/media?parent=233"}],"curies":[{"name":"wp","href":"https:\/\/api.w.org\/{rel}","templated":true}]}}