{"id":19,"date":"2025-03-28T16:04:18","date_gmt":"2025-03-28T19:04:18","guid":{"rendered":"https:\/\/innovacon.simplificandotuweb.com\/?page_id=19"},"modified":"2026-03-09T16:26:21","modified_gmt":"2026-03-09T15:26:21","slug":"avis-legal","status":"publish","type":"page","link":"https:\/\/menjablancdereus.com\/es\/avis-legal\/","title":{"rendered":"Aviso Legal"},"content":{"rendered":"\t\t<div data-elementor-type=\"wp-page\" data-elementor-id=\"19\" class=\"elementor elementor-19\" data-elementor-post-type=\"page\">\n\t\t\t\t<div class=\"elementor-element elementor-element-71d94d6 e-flex e-con-boxed e-con e-parent\" data-id=\"71d94d6\" data-element_type=\"container\" data-e-type=\"container\" data-settings=\"{&quot;background_background&quot;:&quot;classic&quot;}\">\n\t\t\t\t\t<div class=\"e-con-inner\">\n\t\t<div class=\"elementor-element elementor-element-3a4ec44 e-con-full e-flex elementor-invisible e-con e-child\" data-id=\"3a4ec44\" data-element_type=\"container\" data-e-type=\"container\" data-settings=\"{&quot;background_background&quot;:&quot;classic&quot;,&quot;animation&quot;:&quot;fadeInRight&quot;}\">\n\t\t\t\t<div class=\"elementor-element elementor-element-ff79ef6 elementor-widget elementor-widget-heading\" data-id=\"ff79ef6\" data-element_type=\"widget\" data-e-type=\"widget\" data-widget_type=\"heading.default\">\n\t\t\t\t<div class=\"elementor-widget-container\">\n\t\t\t\t\t<h1 class=\"elementor-heading-title elementor-size-default\">Av\u00eds Legal<\/h1>\t\t\t\t<\/div>\n\t\t\t\t<\/div>\n\t\t\t\t<div class=\"elementor-element elementor-element-e73d424 elementor-icon-list--layout-inline elementor-list-item-link-full_width elementor-widget elementor-widget-icon-list\" data-id=\"e73d424\" data-element_type=\"widget\" data-e-type=\"widget\" data-widget_type=\"icon-list.default\">\n\t\t\t\t<div class=\"elementor-widget-container\">\n\t\t\t\t\t\t\t<ul class=\"elementor-icon-list-items elementor-inline-items\">\n\t\t\t\t\t\t\t<li class=\"elementor-icon-list-item elementor-inline-item\">\n\t\t\t\t\t\t\t\t\t\t\t<a href=\"https:\/\/menjablancdereus.com\/\">\n\n\t\t\t\t\t\t\t\t\t\t\t<span class=\"elementor-icon-list-text\">Inici<\/span>\n\t\t\t\t\t\t\t\t\t\t\t<\/a>\n\t\t\t\t\t\t\t\t\t<\/li>\n\t\t\t\t\t\t\t\t<li class=\"elementor-icon-list-item elementor-inline-item\">\n\t\t\t\t\t\t\t\t\t\t\t<a href=\"https:\/\/menjablancdereus.com\/es\/avis-legal\/\">\n\n\t\t\t\t\t\t\t\t\t\t\t\t<span class=\"elementor-icon-list-icon\">\n\t\t\t\t\t\t\t<i aria-hidden=\"true\" class=\"material-icons md-keyboard_double_arrow_right\" data-md-icon=\"keyboard_double_arrow_right\"><\/i>\t\t\t\t\t\t<\/span>\n\t\t\t\t\t\t\t\t\t\t<span class=\"elementor-icon-list-text\">Av\u00eds Legal<\/span>\n\t\t\t\t\t\t\t\t\t\t\t<\/a>\n\t\t\t\t\t\t\t\t\t<\/li>\n\t\t\t\t\t\t<\/ul>\n\t\t\t\t\t\t<\/div>\n\t\t\t\t<\/div>\n\t\t\t\t<\/div>\n\t\t\t\t\t<\/div>\n\t\t\t\t<\/div>\n\t\t<div class=\"elementor-element elementor-element-5e8ba78a e-flex e-con-boxed e-con e-parent\" data-id=\"5e8ba78a\" data-element_type=\"container\" data-e-type=\"container\">\n\t\t\t\t\t<div class=\"e-con-inner\">\n\t\t\t\t<div class=\"elementor-element elementor-element-6b436d17 elementor-widget elementor-widget-text-editor\" data-id=\"6b436d17\" data-element_type=\"widget\" data-e-type=\"widget\" data-widget_type=\"text-editor.default\">\n\t\t\t\t<div class=\"elementor-widget-container\">\n\t\t\t\t\t\t\t\t\t\n<p class=\"wp-block-heading\"><strong>Responsable del tractament de les dades<\/strong><\/p>\n\n<p>En compliment del deure d\u2019informaci\u00f3 que estableix la Llei 34\/2002, d\u201911 de juliol, de Serveis de la Societat de la Informaci\u00f3 i del Comer\u00e7 Electr\u00f2nic, us comuniquem que aquesta web \u00e9s titularitat de:<\/p>\n\n<ul class=\"wp-block-list\">\n<li><strong>Empresa: <\/strong>Menjablanc de Reus SL<strong><br \/><\/strong><\/li>\n\n<li><strong>NIF:<\/strong> B43063742<\/li>\n\n<li><strong>Responsable: <\/strong>Robert Franquet<\/li>\n\n<li><strong>Domicilio: <\/strong>Carrer del Doctor Robert, 28<\/li>\n\n<li><strong>CP y Poblaci\u00f3n:<\/strong>\u00a043204 Reus, Tarragona<\/li>\n\n<li><strong>Tel\u00e9fono:<\/strong>\u00a0 +34 977 342 670<\/li>\n\n<li><strong>Email:<\/strong> <strong>[opcion_jet_email_link]<\/strong><\/li>\n<\/ul>\n\n<p class=\"wp-block-heading\"><strong>Objecte<\/strong><\/p>\n\n<p>El Responsable posa a disposici\u00f3 dels usuaris aquest document amb el qual pret\u00e9n complir el que disposa la normativa vigent en mat\u00e8ria de protecci\u00f3 de dades, i en el context del nou marc normatiu establert en virtut del que disposa el Reglament (UE) 2016\/679 del Parlament Europeu i del Consell, de 27 d\u2019abril de 2016, relatiu a la protecci\u00f3 de les persones f\u00edsiques pel que fa al tractament de dades personals i la lliure circulaci\u00f3 d\u2019aquestes dades (d\u2019ara endavant, el \u201cRGPD\u201d), i la normativa nacional en mat\u00e8ria de protecci\u00f3 de dades de car\u00e0cter personal, aix\u00ed com informar tots els usuaris del lloc web sobre quines s\u00f3n les condicions d\u2019\u00fas del mateix.<\/p>\n\n<p>Tota persona que accedeixi a aquest lloc web assumeix el paper d\u2019usuari, comprometent-se a l\u2019observan\u00e7a i compliment rigor\u00f3s de les disposicions aqu\u00ed disposades, aix\u00ed com de qualsevol altra disposici\u00f3 legal aplicable.<\/p>\n\n<p>El Responsable es reserva el dret de modificar qualsevol tipus d\u2019informaci\u00f3 que pugui apar\u00e8ixer al lloc web, sense que hi hagi obligaci\u00f3 de preavisar o posar en coneixement dels usuaris aquestes modificacions, entenent-se com a suficient la publicaci\u00f3 al lloc web del Responsable.<\/p>\n\n<p class=\"wp-block-heading\"><strong>Responsabilitat<\/strong><\/p>\n\n<p>El Responsable s\u2019eximeix de qualsevol tipus de responsabilitat derivada de la informaci\u00f3 publicada al seu lloc web, sempre que aquesta informaci\u00f3 hagi estat manipulada o introdu\u00efda per un tercer ali\u00e8 al mateix.<\/p>\n\n<p class=\"wp-block-heading\"><strong>Adreces IP<\/strong><\/p>\n\n<p>Els servidors del lloc web poden detectar autom\u00e0ticament l\u2019adre\u00e7a IP i el nom de domini utilitzats per l\u2019usuari. Una adre\u00e7a IP \u00e9s un n\u00famero assignat autom\u00e0ticament a un ordinador quan es connecta a Internet.<\/p>\n\n<p>Tota aquesta informaci\u00f3 queda registrada en un fitxer d\u2019activitat del servidor, degudament inscrit, que permet el processament posterior de les dades per obtenir mesures exclusivament estad\u00edstiques que permetin con\u00e8ixer el nombre d\u2019impressions de p\u00e0gines, el nombre de visites realitzades als servidors web, ordre de visites, punt d\u2019acc\u00e9s, etc.<\/p>\n\n<p class=\"wp-block-heading\"><strong>Pol\u00edtica d\u2019enlla\u00e7os<\/strong><\/p>\n\n<p>Des d\u2019aquest lloc web \u00e9s possible que es redirigeixi a continguts de tercers llocs web. At\u00e8s que el Responsable no pot controlar sempre els continguts introdu\u00efts per tercers als seus llocs web, aquest no assumeix cap tipus de responsabilitat respecte a aquests continguts.<\/p>\n\n<p>En tot cas, el Responsable manifesta que procedir\u00e0 a la retirada immediata de qualsevol contingut que pugui contravenir la legislaci\u00f3 nacional o internacional, la moral o l\u2019ordre p\u00fablic, suprimint la redirecci\u00f3 a aquest lloc web i posant en coneixement de les autoritats competents el contingut en q\u00fcesti\u00f3.<\/p>\n\n<p>El Responsable no es fa responsable de la informaci\u00f3 i continguts emmagatzemats, a t\u00edtol enunciatiu per\u00f2 no limitatiu, en f\u00f2rums, xats, generadors de blogs, comentaris, xarxes socials o qualsevol altre mitj\u00e0 que permeti a tercers publicar continguts de manera independent a la p\u00e0gina web del Responsable.<\/p>\n\n<p>No obstant aix\u00f2, i en compliment del que disposen els articles 11 i 16 de la LSSICE, el Responsable es posa a disposici\u00f3 de tots els usuaris, autoritats i forces de seguretat, col\u00b7laborant de forma activa en la retirada o, si escau, en el bloqueig de tots aquells continguts que puguin afectar o contravenir la legislaci\u00f3 nacional o internacional, drets de tercers, o la moral i l\u2019ordre p\u00fablic.<\/p>\n\n<p>En cas que l\u2019usuari consideri que existeix al lloc web algun contingut que pugui ser susceptible d\u2019aquesta classificaci\u00f3, es prega que ho notifiqui immediatament a l\u2019administrador del lloc web.<\/p>\n\n<p>Aquest lloc web ha estat revisat i provat perqu\u00e8 funcioni correctament. En principi, es pot garantir el correcte funcionament els 365 dies de l\u2019any, 24 hores al dia.<\/p>\n\n<p>No obstant aix\u00f2, el Responsable no descarta la possibilitat que hi hagi certs errors de programaci\u00f3 o que es produeixin causes de for\u00e7a major, cat\u00e0strofes naturals, vagues o circumst\u00e0ncies similars que facin impossible l\u2019acc\u00e9s a la p\u00e0gina web.<\/p>\n\n<p class=\"wp-block-heading\"><strong>Protecci\u00f3 de dades<\/strong><\/p>\n\n<p>El Responsable est\u00e0 profundament comprom\u00e8s amb el compliment del que disposa la normativa vigent en mat\u00e8ria de protecci\u00f3 de dades, i en el context del nou marc normatiu establert en virtut del que disposa el Reglament (UE) 2016\/679 del Parlament Europeu i del Consell, de 27 d\u2019abril de 2016, relatiu a la protecci\u00f3 de les persones f\u00edsiques pel que fa al tractament de dades personals i la lliure circulaci\u00f3 d\u2019aquestes dades (d\u2019ara endavant, el RGPD), i la normativa nacional en mat\u00e8ria de protecci\u00f3 de dades de car\u00e0cter personal.<\/p>\n\n<p>Aix\u00ed mateix, el Responsable informa que compleix la Llei 34\/2002, d\u201911 de juliol, de Serveis de la Societat de la Informaci\u00f3 i del Comer\u00e7 Electr\u00f2nic i sol\u00b7licitar\u00e0 el consentiment per al tractament de les seves dades amb finalitats comercials en tot moment.<\/p>\n\n<p class=\"wp-block-heading\"><strong>Propietat intel\u00b7lectual i industrial<\/strong><\/p>\n\n<p>El lloc web, incloent-hi, a t\u00edtol enunciatiu per\u00f2 no limitatiu, la seva programaci\u00f3, edici\u00f3, compilaci\u00f3 i altres elements necessaris per al seu funcionament, els dissenys, logotips, textos i\/o gr\u00e0fics s\u00f3n propietat del Responsable o, si escau, disposa de llic\u00e8ncia o autoritzaci\u00f3 expressa per part dels autors.<\/p>\n\n<p>Tots els continguts del lloc web estan degudament protegits per la normativa de propietat intel\u00b7lectual i industrial. Independentment de la finalitat per a la qual fossin destinats, la reproducci\u00f3 total o parcial, \u00fas, explotaci\u00f3, distribuci\u00f3 i comercialitzaci\u00f3 requereixen en tot cas l\u2019autoritzaci\u00f3 pr\u00e8via per escrit per part del Responsable.<\/p>\n\n<p>Qualsevol \u00fas no autoritzat pr\u00e8viament pel Responsable ser\u00e0 considerat un incompliment greu dels drets de propietat intel\u00b7lectual o industrial de l\u2019autor.<\/p>\n\n<p>Els dissenys, logotips, textos i\/o gr\u00e0fics aliens al prestador i que puguin apar\u00e8ixer al lloc web pertanyen als seus respectius propietaris, essent aquests mateixos responsables de qualsevol possible controv\u00e8rsia que pogu\u00e9s sorgir respecte a ells.<\/p>\n\n<p>En tot cas, el Responsable compta amb l\u2019autoritzaci\u00f3 expressa i pr\u00e8via per part d\u2019aquests.<\/p>\n\n<p>El Responsable autoritza expressament que tercers puguin redirigir directament als continguts concrets del lloc web, i en tot cas han de redirigir a la p\u00e0gina principal del lloc web del Responsable.<\/p>\n\n<p>El Responsable reconeix a favor dels seus titulars els corresponents drets de propietat intel\u00b7lectual i industrial, i el fet que apareguin al lloc web no implica l\u2019exist\u00e8ncia de drets o responsabilitat del Responsable sobre aquests, ni tampoc suport, patrocini o recomanaci\u00f3 per la seva part.<\/p>\n\n<p>Per fer qualsevol observaci\u00f3 sobre possibles incompliments dels drets de propietat intel\u00b7lectual o industrial, aix\u00ed com sobre qualsevol contingut del lloc web, pot fer-ho a trav\u00e9s del seg\u00fcent correu electr\u00f2nic: <strong>[opcion_jet_email_link]<\/strong><\/p>\n\t\t\t\t\t\t\t\t<\/div>\n\t\t\t\t<\/div>\n\t\t\t\t\t<\/div>\n\t\t\t\t<\/div>\n\t\t\t\t<\/div>\n\t\t","protected":false},"excerpt":{"rendered":"<p>Inici Responsable del tractament de les dades En compliment del deure d\u2019informaci\u00f3 que estableix la Llei 34\/2002, d\u201911 de juliol, de Serveis de la Societat de la Informaci\u00f3 i del Comer\u00e7 Electr\u00f2nic, us comuniquem que aquesta web \u00e9s titularitat de: Objecte El Responsable posa a disposici\u00f3 dels usuaris aquest document amb el qual pret\u00e9n complir [&hellip;]<\/p>\n","protected":false},"author":1,"featured_media":0,"parent":0,"menu_order":0,"comment_status":"closed","ping_status":"closed","template":"","meta":{"footnotes":""},"class_list":["post-19","page","type-page","status-publish","hentry"],"yoast_head":"<!-- This site is optimized with the Yoast SEO plugin v27.1.1 - https:\/\/yoast.com\/product\/yoast-seo-wordpress\/ -->\n<title>Av\u00eds Legal - El Menjablanc de Reus<\/title>\n<meta name=\"robots\" content=\"index, follow, max-snippet:-1, max-image-preview:large, max-video-preview:-1\" \/>\n<link rel=\"canonical\" href=\"https:\/\/menjablancdereus.com\/es\/avis-legal\/\" \/>\n<meta property=\"og:locale\" content=\"es_ES\" \/>\n<meta property=\"og:type\" content=\"article\" \/>\n<meta property=\"og:title\" content=\"Av\u00eds Legal - El Menjablanc de Reus\" \/>\n<meta property=\"og:description\" content=\"Inici Responsable del tractament de les dades En compliment del deure d\u2019informaci\u00f3 que estableix la Llei 34\/2002, d\u201911 de juliol, de Serveis de la Societat de la Informaci\u00f3 i del Comer\u00e7 Electr\u00f2nic, us comuniquem que aquesta web \u00e9s titularitat de: Objecte El Responsable posa a disposici\u00f3 dels usuaris aquest document amb el qual pret\u00e9n complir [&hellip;]\" \/>\n<meta property=\"og:url\" content=\"https:\/\/menjablancdereus.com\/es\/avis-legal\/\" \/>\n<meta property=\"og:site_name\" content=\"El Menjablanc de Reus\" \/>\n<meta property=\"article:modified_time\" content=\"2026-03-09T15:26:21+00:00\" \/>\n<meta name=\"twitter:card\" content=\"summary_large_image\" \/>\n<meta name=\"twitter:label1\" content=\"Tiempo de lectura\" \/>\n\t<meta name=\"twitter:data1\" content=\"5 minutos\" \/>\n<script type=\"application\/ld+json\" class=\"yoast-schema-graph\">{\"@context\":\"https:\/\/schema.org\",\"@graph\":[{\"@type\":\"WebPage\",\"@id\":\"https:\/\/menjablancdereus.com\/avis-legal\/\",\"url\":\"https:\/\/menjablancdereus.com\/avis-legal\/\",\"name\":\"Av\u00eds Legal - El Menjablanc de Reus\",\"isPartOf\":{\"@id\":\"https:\/\/menjablancdereus.com\/#website\"},\"datePublished\":\"2025-03-28T19:04:18+00:00\",\"dateModified\":\"2026-03-09T15:26:21+00:00\",\"breadcrumb\":{\"@id\":\"https:\/\/menjablancdereus.com\/avis-legal\/#breadcrumb\"},\"inLanguage\":\"es\",\"potentialAction\":[{\"@type\":\"ReadAction\",\"target\":[\"https:\/\/menjablancdereus.com\/avis-legal\/\"]}]},{\"@type\":\"BreadcrumbList\",\"@id\":\"https:\/\/menjablancdereus.com\/avis-legal\/#breadcrumb\",\"itemListElement\":[{\"@type\":\"ListItem\",\"position\":1,\"name\":\"Portada\",\"item\":\"https:\/\/menjablancdereus.com\/\"},{\"@type\":\"ListItem\",\"position\":2,\"name\":\"Av\u00eds Legal\"}]},{\"@type\":\"WebSite\",\"@id\":\"https:\/\/menjablancdereus.com\/#website\",\"url\":\"https:\/\/menjablancdereus.com\/\",\"name\":\"El Menjablanc de Reus\",\"description\":\"M\u00e9s de 100 anys de sabor\",\"potentialAction\":[{\"@type\":\"SearchAction\",\"target\":{\"@type\":\"EntryPoint\",\"urlTemplate\":\"https:\/\/menjablancdereus.com\/?s={search_term_string}\"},\"query-input\":{\"@type\":\"PropertyValueSpecification\",\"valueRequired\":true,\"valueName\":\"search_term_string\"}}],\"inLanguage\":\"es\"}]}<\/script>\n<!-- \/ Yoast SEO plugin. -->","yoast_head_json":{"title":"Av\u00eds Legal - El Menjablanc de Reus","robots":{"index":"index","follow":"follow","max-snippet":"max-snippet:-1","max-image-preview":"max-image-preview:large","max-video-preview":"max-video-preview:-1"},"canonical":"https:\/\/menjablancdereus.com\/es\/avis-legal\/","og_locale":"es_ES","og_type":"article","og_title":"Av\u00eds Legal - El Menjablanc de Reus","og_description":"Inici Responsable del tractament de les dades En compliment del deure d\u2019informaci\u00f3 que estableix la Llei 34\/2002, d\u201911 de juliol, de Serveis de la Societat de la Informaci\u00f3 i del Comer\u00e7 Electr\u00f2nic, us comuniquem que aquesta web \u00e9s titularitat de: Objecte El Responsable posa a disposici\u00f3 dels usuaris aquest document amb el qual pret\u00e9n complir [&hellip;]","og_url":"https:\/\/menjablancdereus.com\/es\/avis-legal\/","og_site_name":"El Menjablanc de Reus","article_modified_time":"2026-03-09T15:26:21+00:00","twitter_card":"summary_large_image","twitter_misc":{"Tiempo de lectura":"5 minutos"},"schema":{"@context":"https:\/\/schema.org","@graph":[{"@type":"WebPage","@id":"https:\/\/menjablancdereus.com\/avis-legal\/","url":"https:\/\/menjablancdereus.com\/avis-legal\/","name":"Av\u00eds Legal - El Menjablanc de Reus","isPartOf":{"@id":"https:\/\/menjablancdereus.com\/#website"},"datePublished":"2025-03-28T19:04:18+00:00","dateModified":"2026-03-09T15:26:21+00:00","breadcrumb":{"@id":"https:\/\/menjablancdereus.com\/avis-legal\/#breadcrumb"},"inLanguage":"es","potentialAction":[{"@type":"ReadAction","target":["https:\/\/menjablancdereus.com\/avis-legal\/"]}]},{"@type":"BreadcrumbList","@id":"https:\/\/menjablancdereus.com\/avis-legal\/#breadcrumb","itemListElement":[{"@type":"ListItem","position":1,"name":"Portada","item":"https:\/\/menjablancdereus.com\/"},{"@type":"ListItem","position":2,"name":"Av\u00eds Legal"}]},{"@type":"WebSite","@id":"https:\/\/menjablancdereus.com\/#website","url":"https:\/\/menjablancdereus.com\/","name":"El Comeblanco de Reus","description":"M\u00e1s de 100 a\u00f1os de sabor","potentialAction":[{"@type":"SearchAction","target":{"@type":"EntryPoint","urlTemplate":"https:\/\/menjablancdereus.com\/?s={search_term_string}"},"query-input":{"@type":"PropertyValueSpecification","valueRequired":true,"valueName":"search_term_string"}}],"inLanguage":"es"}]}},"_links":{"self":[{"href":"https:\/\/menjablancdereus.com\/es\/wp-json\/wp\/v2\/pages\/19","targetHints":{"allow":["GET"]}}],"collection":[{"href":"https:\/\/menjablancdereus.com\/es\/wp-json\/wp\/v2\/pages"}],"about":[{"href":"https:\/\/menjablancdereus.com\/es\/wp-json\/wp\/v2\/types\/page"}],"author":[{"embeddable":true,"href":"https:\/\/menjablancdereus.com\/es\/wp-json\/wp\/v2\/users\/1"}],"replies":[{"embeddable":true,"href":"https:\/\/menjablancdereus.com\/es\/wp-json\/wp\/v2\/comments?post=19"}],"version-history":[{"count":75,"href":"https:\/\/menjablancdereus.com\/es\/wp-json\/wp\/v2\/pages\/19\/revisions"}],"predecessor-version":[{"id":1028,"href":"https:\/\/menjablancdereus.com\/es\/wp-json\/wp\/v2\/pages\/19\/revisions\/1028"}],"wp:attachment":[{"href":"https:\/\/menjablancdereus.com\/es\/wp-json\/wp\/v2\/media?parent=19"}],"curies":[{"name":"wp","href":"https:\/\/api.w.org\/{rel}","templated":true}]}}