{"id":17,"date":"2025-03-28T15:59:36","date_gmt":"2025-03-28T18:59:36","guid":{"rendered":"https:\/\/innovacon.simplificandotuweb.com\/?page_id=17"},"modified":"2026-03-09T18:10:52","modified_gmt":"2026-03-09T17:10:52","slug":"politica-de-cookies","status":"publish","type":"page","link":"https:\/\/menjablancdereus.com\/es\/politica-de-cookies\/","title":{"rendered":"Pol\u00edtica de Cookies"},"content":{"rendered":"\t\t<div data-elementor-type=\"wp-page\" data-elementor-id=\"17\" class=\"elementor elementor-17\" data-elementor-post-type=\"page\">\n\t\t\t\t<div class=\"elementor-element elementor-element-131be40 e-flex e-con-boxed e-con e-parent\" data-id=\"131be40\" data-element_type=\"container\" data-e-type=\"container\" data-settings=\"{&quot;background_background&quot;:&quot;classic&quot;}\">\n\t\t\t\t\t<div class=\"e-con-inner\">\n\t\t<div class=\"elementor-element elementor-element-d672f7e e-con-full e-flex elementor-invisible e-con e-child\" data-id=\"d672f7e\" data-element_type=\"container\" data-e-type=\"container\" data-settings=\"{&quot;background_background&quot;:&quot;classic&quot;,&quot;animation&quot;:&quot;fadeInRight&quot;}\">\n\t\t\t\t<div class=\"elementor-element elementor-element-f9042c7 elementor-widget elementor-widget-heading\" data-id=\"f9042c7\" data-element_type=\"widget\" data-e-type=\"widget\" data-widget_type=\"heading.default\">\n\t\t\t\t<div class=\"elementor-widget-container\">\n\t\t\t\t\t<h1 class=\"elementor-heading-title elementor-size-default\">Pol\u00edtica de Cookies<\/h1>\t\t\t\t<\/div>\n\t\t\t\t<\/div>\n\t\t\t\t<div class=\"elementor-element elementor-element-9cf8676 elementor-icon-list--layout-inline elementor-list-item-link-full_width elementor-widget elementor-widget-icon-list\" data-id=\"9cf8676\" data-element_type=\"widget\" data-e-type=\"widget\" data-widget_type=\"icon-list.default\">\n\t\t\t\t<div class=\"elementor-widget-container\">\n\t\t\t\t\t\t\t<ul class=\"elementor-icon-list-items elementor-inline-items\">\n\t\t\t\t\t\t\t<li class=\"elementor-icon-list-item elementor-inline-item\">\n\t\t\t\t\t\t\t\t\t\t\t<a href=\"https:\/\/menjablancdereus.com\/\">\n\n\t\t\t\t\t\t\t\t\t\t\t<span class=\"elementor-icon-list-text\">Inici<\/span>\n\t\t\t\t\t\t\t\t\t\t\t<\/a>\n\t\t\t\t\t\t\t\t\t<\/li>\n\t\t\t\t\t\t\t\t<li class=\"elementor-icon-list-item elementor-inline-item\">\n\t\t\t\t\t\t\t\t\t\t\t<a href=\"https:\/\/menjablancdereus.com\/es\/politica-de-cookies\/\">\n\n\t\t\t\t\t\t\t\t\t\t\t\t<span class=\"elementor-icon-list-icon\">\n\t\t\t\t\t\t\t<i aria-hidden=\"true\" class=\"material-icons md-keyboard_double_arrow_right\" data-md-icon=\"keyboard_double_arrow_right\"><\/i>\t\t\t\t\t\t<\/span>\n\t\t\t\t\t\t\t\t\t\t<span class=\"elementor-icon-list-text\">Pol\u00edtica de Cookies<\/span>\n\t\t\t\t\t\t\t\t\t\t\t<\/a>\n\t\t\t\t\t\t\t\t\t<\/li>\n\t\t\t\t\t\t<\/ul>\n\t\t\t\t\t\t<\/div>\n\t\t\t\t<\/div>\n\t\t\t\t<\/div>\n\t\t\t\t\t<\/div>\n\t\t\t\t<\/div>\n\t\t<div class=\"elementor-element elementor-element-21606bb4 e-flex e-con-boxed e-con e-parent\" data-id=\"21606bb4\" data-element_type=\"container\" data-e-type=\"container\">\n\t\t\t\t\t<div class=\"e-con-inner\">\n\t\t\t\t<div class=\"elementor-element elementor-element-71fad1c8 elementor-widget elementor-widget-text-editor\" data-id=\"71fad1c8\" data-element_type=\"widget\" data-e-type=\"widget\" data-widget_type=\"text-editor.default\">\n\t\t\t\t<div class=\"elementor-widget-container\">\n\t\t\t\t\t\t\t\t\t\n<p class=\"wp-block-heading\"><strong>Pol\u00edtica de Cookies (UE)<\/strong><\/p>\n\n<p>Aquesta pol\u00edtica de cookies va ser actualitzada per \u00faltima vegada el 08\/01\/2024 i s\u2019aplica als ciutadans i residents legals permanents de l\u2019Espai Econ\u00f2mic Europeu i Su\u00efssa.<\/p>\n\n<p class=\"wp-block-heading\"><strong>1. Introducci\u00f3<\/strong><\/p>\n\n<p>El nostre web, <strong><a href=\"https:\/\/menjablancdereus.com\" target=\"_blank\" rel=\"noopener noreferrer\">https:\/\/menjablancdereus.com<\/a><\/strong>\u00a0(d\u2019ara endavant: \u00abel web\u00bb), utilitza cookies i altres tecnologies relacionades (per comoditat, totes les tecnologies es denominen \u00abcookies\u00bb). Les cookies tamb\u00e9 poden ser col\u00b7locades per tercers amb els quals hem contractat. En el seg\u00fcent document t\u2019informem sobre l\u2019\u00fas de cookies en el nostre web.<\/p>\n\n<p class=\"wp-block-heading\"><strong>2. Qu\u00e8 s\u00f3n les Cookies?<\/strong><\/p>\n\n<p>Una cookie \u00e9s un petit fitxer que s\u2019envia juntament amb les p\u00e0gines d\u2019aquest web i que el teu navegador emmagatzema en el disc dur del teu ordinador o un altre dispositiu. La informaci\u00f3 emmagatzemada pot ser retornada als nostres servidors o als servidors de tercers apropiats durant una visita posterior.<\/p>\n\n<p class=\"wp-block-heading\"><strong>3. Qu\u00e8 s\u00f3n els scripts?<\/strong><\/p>\n\n<p>Un script \u00e9s un fragment de codi de programa que s\u2019utilitza per fer que el nostre web funcioni correctament i de manera interactiva. Aquest codi s\u2019executa en el nostre servidor o en el teu dispositiu.<\/p>\n\n<p class=\"wp-block-heading\"><strong>4. Qu\u00e8 \u00e9s una balisa web?<\/strong><\/p>\n\n<p>Una balisa web (o una etiqueta de p\u00edxel) \u00e9s un petit i invisible fragment de text o imatge en un web que s\u2019utilitza per monitorar el tr\u00e0nsit al web. Per fer-ho, es poden emmagatzemar diverses dades sobre tu mitjan\u00e7ant aquestes balises web.<\/p>\n\n<p class=\"wp-block-heading\"><strong>5. Cookies<\/strong><\/p>\n\n<p class=\"wp-block-heading\"><strong>5.1 Cookies t\u00e8cniques o funcionals<\/strong><\/p>\n\n<p>Algunes cookies asseguren que certes parts del web funcionin correctament i que les teves prefer\u00e8ncies d\u2019usuari es mantinguin recordades. En col\u00b7locar cookies funcionals, et facilitem la visita al nostre web. D\u2019aquesta manera, no necessites introduir repetidament la mateixa informaci\u00f3 quan visites el web i, per exemple, els articles es mantenen a la teva cistella de compra fins que has fet el pagament. Podem col\u00b7locar aquestes cookies sense el teu consentiment.<\/p>\n\n<p class=\"wp-block-heading\"><strong>5.2 Cookies de m\u00e0rqueting\/seguiment<\/strong><\/p>\n\n<p>Les cookies de m\u00e0rqueting\/seguiment s\u00f3n cookies, o qualsevol altra forma d\u2019emmagatzematge local, utilitzades per crear perfils d\u2019usuari per mostrar publicitat o per fer el seguiment de l\u2019usuari en aquest web o en diversos webs amb finalitats de m\u00e0rqueting similars.<\/p>\n\n<p class=\"wp-block-heading\"><strong>6. Cookies utilitzades<\/strong><\/p>\n\n<p><strong>Elementor<\/strong><\/p>\n\n<ul class=\"wp-block-list\">\n<li>Estad\u00edstiques (an\u00f2nimes)<\/li>\n\n<li>Consentiment per al servei Elementor<\/li>\n<\/ul>\n\n<p><strong>WordPress<\/strong><\/p>\n\n<ul class=\"wp-block-list\">\n<li>Funcional<\/li>\n\n<li>Consentiment per al servei WordPress<\/li>\n<\/ul>\n\n<p><strong>Diversos<\/strong><\/p>\n\n<ul class=\"wp-block-list\">\n<li>Prop\u00f2sit pendent d\u2019investigaci\u00f3<\/li>\n\n<li>Consentiment per al servei Diversos\u00a0<\/li>\n<\/ul>\n\n<p class=\"wp-block-heading\"><strong>7. Consentiment<\/strong><\/p>\n\n<p>Quan visitis el nostre web per primera vegada, et mostrarem una finestra emergent amb una explicaci\u00f3 sobre les cookies. Tan bon punt facis clic a \u00abDesa prefer\u00e8ncies\u00bb, acceptes que utilitzem les categories de cookies i connectors que hagis seleccionat a la finestra emergent, tal com es descriu en aquesta pol\u00edtica de cookies. Pots desactivar l\u2019\u00fas de cookies a trav\u00e9s del teu navegador, per\u00f2, si us plau, tingues en compte que el nostre web pot deixar de funcionar correctament.<\/p>\n\n<p class=\"wp-block-heading\"><strong>7.1 Gestiona els teus ajustos de consentiment<\/strong><\/p>\n\n<ul class=\"wp-block-list\">\n<li><strong>Funcional<\/strong>\u00a0(Sempre actiu)<\/li>\n\n<li><strong>M\u00e0rqueting<\/strong><\/li>\n<\/ul>\n\n<p class=\"wp-block-heading\"><strong>8. Activaci\u00f3\/desactivaci\u00f3 i eliminaci\u00f3 de cookies<\/strong><\/p>\n\n<p>Pots utilitzar el teu navegador d\u2019Internet per eliminar les cookies de manera autom\u00e0tica o manual. Tamb\u00e9 pots especificar que certes cookies no es poden col\u00b7locar. Una altra opci\u00f3 \u00e9s canviar els ajustos del teu navegador d\u2019Internet perqu\u00e8 rebis un missatge cada vegada que es col\u00b7loca una cookie. Per obtenir m\u00e9s informaci\u00f3 sobre aquestes opcions, consulta les instruccions de la secci\u00f3 \u00abAjuda\u00bb del teu navegador.<\/p>\n\n<p>Tingues en compte que el nostre web pot no funcionar correctament si desactives totes les cookies. Si elimines les cookies del teu navegador, es tornaran a col\u00b7locar despr\u00e9s del teu consentiment quan tornis a visitar els nostres webs.<\/p>\n\n<p class=\"wp-block-heading\"><strong>9. Els teus drets pel que fa a les dades personals<\/strong><\/p>\n\n<p>Tens els seg\u00fcents drets pel que fa a les teves dades personals:<\/p>\n\n<ul class=\"wp-block-list\">\n<li>Dret a saber per qu\u00e8 es necessiten les teves dades personals, qu\u00e8 succeir\u00e0 amb elles i durant quant de temps es conservaran.<\/li>\n\n<li><strong>Dret d\u2019acc\u00e9s<\/strong>: tens dret a accedir a les teves dades personals que coneixem.<\/li>\n\n<li><strong>Dret de rectificaci\u00f3<\/strong>: tens dret a completar, rectificar, esborrar o bloquejar les teves dades personals quan ho desitgis.<\/li>\n\n<li>Si ens dones el teu consentiment per processar les teves dades, tens dret a revocar aquest consentiment i a demanar que s\u2019eliminin les teves dades personals.<\/li>\n\n<li><strong>Dret de portabilitat de les teves dades<\/strong>: tens dret a sol\u00b7licitar totes les teves dades personals al responsable del tractament i a transferir-les \u00edntegrament a un altre responsable del tractament.<\/li>\n\n<li><strong>Dret d\u2019oposici\u00f3<\/strong>: pots oposar-te al tractament de les teves dades. Nosaltres complirem aquesta sol\u00b7licitud, tret que existeixin motius justificats per al processament.<\/li>\n<\/ul>\n\n<p>Per exercir aquests drets, contacta amb nosaltres. Consulta les dades de contacte a la part inferior d\u2019aquesta pol\u00edtica de cookies. Si tens alguna queixa sobre com gestionem les teves dades, ens agradaria que ens ho comuniquessis, per\u00f2 tamb\u00e9 tens dret a presentar una queixa davant l\u2019autoritat supervisora (l\u2019autoritat de protecci\u00f3 de dades).<\/p>\n\n<p class=\"wp-block-heading\"><strong>10. Dades de contacte<\/strong><\/p>\n\n<p>Per a preguntes i\/o comentaris sobre la nostra pol\u00edtica de cookies i aquesta declaraci\u00f3, contacta amb nosaltres mitjan\u00e7ant les seg\u00fcents dades de contacte:<\/p>\n\n<ul class=\"wp-block-list\">\n<li><strong>Empresa: <\/strong>Menjablanc de Reus SL<strong><br \/><\/strong><\/li>\n<li><strong>NIF:<\/strong> B43063742<\/li>\n<li><strong>Responsable: <\/strong>Robert Franquet<\/li>\n<li><strong>Domicilio: <\/strong>Carrer del Doctor Robert, 28<\/li>\n<li><strong>CP y Poblaci\u00f3n:<\/strong>\u00a043204 Reus, Tarragona<\/li>\n<li><strong>Tel\u00e9fono:<\/strong>\u00a0 +34 977 342 670<\/li>\n<li><strong>Email:<\/strong> <strong>[opcion_jet_email_link]<\/strong><\/li>\n<\/ul>\n\n<p>\u00a0<\/p>\n<p>Aquesta pol\u00edtica de cookies s\u2019ha sincronitzat amb\u00a0<strong>cookiedatabase.org<\/strong>\u00a0el 08\/01\/2024.<\/p>\n\t\t\t\t\t\t\t\t<\/div>\n\t\t\t\t<\/div>\n\t\t\t\t\t<\/div>\n\t\t\t\t<\/div>\n\t\t\t\t<\/div>\n\t\t","protected":false},"excerpt":{"rendered":"<p>Inici Pol\u00edtica de Cookies (UE) Aquesta pol\u00edtica de cookies va ser actualitzada per \u00faltima vegada el 08\/01\/2024 i s\u2019aplica als ciutadans i residents legals permanents de l\u2019Espai Econ\u00f2mic Europeu i Su\u00efssa. 1. Introducci\u00f3 El nostre web, \u00a0(d\u2019ara endavant: \u00abel web\u00bb), utilitza cookies i altres tecnologies relacionades (per comoditat, totes les tecnologies es denominen \u00abcookies\u00bb). Les [&hellip;]<\/p>\n","protected":false},"author":1,"featured_media":0,"parent":0,"menu_order":0,"comment_status":"closed","ping_status":"closed","template":"","meta":{"footnotes":""},"class_list":["post-17","page","type-page","status-publish","hentry"],"yoast_head":"<!-- This site is optimized with the Yoast SEO plugin v27.1.1 - https:\/\/yoast.com\/product\/yoast-seo-wordpress\/ -->\n<title>Pol\u00edtica de Cookies - El Menjablanc de Reus<\/title>\n<meta name=\"robots\" content=\"index, follow, max-snippet:-1, max-image-preview:large, max-video-preview:-1\" \/>\n<link rel=\"canonical\" href=\"https:\/\/menjablancdereus.com\/es\/politica-de-cookies\/\" \/>\n<meta property=\"og:locale\" content=\"es_ES\" \/>\n<meta property=\"og:type\" content=\"article\" \/>\n<meta property=\"og:title\" content=\"Pol\u00edtica de Cookies - El Menjablanc de Reus\" \/>\n<meta property=\"og:description\" content=\"Inici Pol\u00edtica de Cookies (UE) Aquesta pol\u00edtica de cookies va ser actualitzada per \u00faltima vegada el 08\/01\/2024 i s\u2019aplica als ciutadans i residents legals permanents de l\u2019Espai Econ\u00f2mic Europeu i Su\u00efssa. 1. Introducci\u00f3 El nostre web, \u00a0(d\u2019ara endavant: \u00abel web\u00bb), utilitza cookies i altres tecnologies relacionades (per comoditat, totes les tecnologies es denominen \u00abcookies\u00bb). Les [&hellip;]\" \/>\n<meta property=\"og:url\" content=\"https:\/\/menjablancdereus.com\/es\/politica-de-cookies\/\" \/>\n<meta property=\"og:site_name\" content=\"El Menjablanc de Reus\" \/>\n<meta property=\"article:modified_time\" content=\"2026-03-09T17:10:52+00:00\" \/>\n<meta name=\"twitter:card\" content=\"summary_large_image\" \/>\n<meta name=\"twitter:label1\" content=\"Tiempo de lectura\" \/>\n\t<meta name=\"twitter:data1\" content=\"4 minutos\" \/>\n<script type=\"application\/ld+json\" class=\"yoast-schema-graph\">{\"@context\":\"https:\/\/schema.org\",\"@graph\":[{\"@type\":\"WebPage\",\"@id\":\"https:\/\/menjablancdereus.com\/politica-de-cookies\/\",\"url\":\"https:\/\/menjablancdereus.com\/politica-de-cookies\/\",\"name\":\"Pol\u00edtica de Cookies - El Menjablanc de Reus\",\"isPartOf\":{\"@id\":\"https:\/\/menjablancdereus.com\/#website\"},\"datePublished\":\"2025-03-28T18:59:36+00:00\",\"dateModified\":\"2026-03-09T17:10:52+00:00\",\"breadcrumb\":{\"@id\":\"https:\/\/menjablancdereus.com\/politica-de-cookies\/#breadcrumb\"},\"inLanguage\":\"es\",\"potentialAction\":[{\"@type\":\"ReadAction\",\"target\":[\"https:\/\/menjablancdereus.com\/politica-de-cookies\/\"]}]},{\"@type\":\"BreadcrumbList\",\"@id\":\"https:\/\/menjablancdereus.com\/politica-de-cookies\/#breadcrumb\",\"itemListElement\":[{\"@type\":\"ListItem\",\"position\":1,\"name\":\"Portada\",\"item\":\"https:\/\/menjablancdereus.com\/\"},{\"@type\":\"ListItem\",\"position\":2,\"name\":\"Pol\u00edtica de Cookies\"}]},{\"@type\":\"WebSite\",\"@id\":\"https:\/\/menjablancdereus.com\/#website\",\"url\":\"https:\/\/menjablancdereus.com\/\",\"name\":\"El Menjablanc de Reus\",\"description\":\"M\u00e9s de 100 anys de sabor\",\"potentialAction\":[{\"@type\":\"SearchAction\",\"target\":{\"@type\":\"EntryPoint\",\"urlTemplate\":\"https:\/\/menjablancdereus.com\/?s={search_term_string}\"},\"query-input\":{\"@type\":\"PropertyValueSpecification\",\"valueRequired\":true,\"valueName\":\"search_term_string\"}}],\"inLanguage\":\"es\"}]}<\/script>\n<!-- \/ Yoast SEO plugin. -->","yoast_head_json":{"title":"Pol\u00edtica de Cookies - El Menjablanc de Reus","robots":{"index":"index","follow":"follow","max-snippet":"max-snippet:-1","max-image-preview":"max-image-preview:large","max-video-preview":"max-video-preview:-1"},"canonical":"https:\/\/menjablancdereus.com\/es\/politica-de-cookies\/","og_locale":"es_ES","og_type":"article","og_title":"Pol\u00edtica de Cookies - El Menjablanc de Reus","og_description":"Inici Pol\u00edtica de Cookies (UE) Aquesta pol\u00edtica de cookies va ser actualitzada per \u00faltima vegada el 08\/01\/2024 i s\u2019aplica als ciutadans i residents legals permanents de l\u2019Espai Econ\u00f2mic Europeu i Su\u00efssa. 1. Introducci\u00f3 El nostre web, \u00a0(d\u2019ara endavant: \u00abel web\u00bb), utilitza cookies i altres tecnologies relacionades (per comoditat, totes les tecnologies es denominen \u00abcookies\u00bb). Les [&hellip;]","og_url":"https:\/\/menjablancdereus.com\/es\/politica-de-cookies\/","og_site_name":"El Menjablanc de Reus","article_modified_time":"2026-03-09T17:10:52+00:00","twitter_card":"summary_large_image","twitter_misc":{"Tiempo de lectura":"4 minutos"},"schema":{"@context":"https:\/\/schema.org","@graph":[{"@type":"WebPage","@id":"https:\/\/menjablancdereus.com\/politica-de-cookies\/","url":"https:\/\/menjablancdereus.com\/politica-de-cookies\/","name":"Pol\u00edtica de Cookies - El Menjablanc de Reus","isPartOf":{"@id":"https:\/\/menjablancdereus.com\/#website"},"datePublished":"2025-03-28T18:59:36+00:00","dateModified":"2026-03-09T17:10:52+00:00","breadcrumb":{"@id":"https:\/\/menjablancdereus.com\/politica-de-cookies\/#breadcrumb"},"inLanguage":"es","potentialAction":[{"@type":"ReadAction","target":["https:\/\/menjablancdereus.com\/politica-de-cookies\/"]}]},{"@type":"BreadcrumbList","@id":"https:\/\/menjablancdereus.com\/politica-de-cookies\/#breadcrumb","itemListElement":[{"@type":"ListItem","position":1,"name":"Portada","item":"https:\/\/menjablancdereus.com\/"},{"@type":"ListItem","position":2,"name":"Pol\u00edtica de Cookies"}]},{"@type":"WebSite","@id":"https:\/\/menjablancdereus.com\/#website","url":"https:\/\/menjablancdereus.com\/","name":"El Comeblanco de Reus","description":"M\u00e1s de 100 a\u00f1os de sabor","potentialAction":[{"@type":"SearchAction","target":{"@type":"EntryPoint","urlTemplate":"https:\/\/menjablancdereus.com\/?s={search_term_string}"},"query-input":{"@type":"PropertyValueSpecification","valueRequired":true,"valueName":"search_term_string"}}],"inLanguage":"es"}]}},"_links":{"self":[{"href":"https:\/\/menjablancdereus.com\/es\/wp-json\/wp\/v2\/pages\/17","targetHints":{"allow":["GET"]}}],"collection":[{"href":"https:\/\/menjablancdereus.com\/es\/wp-json\/wp\/v2\/pages"}],"about":[{"href":"https:\/\/menjablancdereus.com\/es\/wp-json\/wp\/v2\/types\/page"}],"author":[{"embeddable":true,"href":"https:\/\/menjablancdereus.com\/es\/wp-json\/wp\/v2\/users\/1"}],"replies":[{"embeddable":true,"href":"https:\/\/menjablancdereus.com\/es\/wp-json\/wp\/v2\/comments?post=17"}],"version-history":[{"count":22,"href":"https:\/\/menjablancdereus.com\/es\/wp-json\/wp\/v2\/pages\/17\/revisions"}],"predecessor-version":[{"id":1034,"href":"https:\/\/menjablancdereus.com\/es\/wp-json\/wp\/v2\/pages\/17\/revisions\/1034"}],"wp:attachment":[{"href":"https:\/\/menjablancdereus.com\/es\/wp-json\/wp\/v2\/media?parent=17"}],"curies":[{"name":"wp","href":"https:\/\/api.w.org\/{rel}","templated":true}]}}