{"id":20,"date":"2025-03-28T16:05:29","date_gmt":"2025-03-28T19:05:29","guid":{"rendered":"https:\/\/innovacon.simplificandotuweb.com\/?page_id=20"},"modified":"2026-03-09T16:25:21","modified_gmt":"2026-03-09T15:25:21","slug":"declaracio-daccessibilitat","status":"publish","type":"page","link":"https:\/\/menjablancdereus.com\/en\/declaracio-daccessibilitat\/","title":{"rendered":"Accessibility statement"},"content":{"rendered":"<div data-elementor-type=\"wp-page\" data-elementor-id=\"20\" class=\"elementor elementor-20\" data-elementor-post-type=\"page\">\n\t\t\t\t<div class=\"elementor-element elementor-element-2320e7f e-flex e-con-boxed e-con e-parent\" data-id=\"2320e7f\" data-element_type=\"container\" data-e-type=\"container\" data-settings=\"{&quot;background_background&quot;:&quot;classic&quot;}\">\n\t\t\t\t\t<div class=\"e-con-inner\">\n\t\t<div class=\"elementor-element elementor-element-4f99729 e-con-full e-flex elementor-invisible e-con e-child\" data-id=\"4f99729\" data-element_type=\"container\" data-e-type=\"container\" data-settings=\"{&quot;background_background&quot;:&quot;classic&quot;,&quot;animation&quot;:&quot;fadeInRight&quot;}\">\n\t\t\t\t<div class=\"elementor-element elementor-element-dabcf96 elementor-widget elementor-widget-heading\" data-id=\"dabcf96\" data-element_type=\"widget\" data-e-type=\"widget\" data-widget_type=\"heading.default\">\n\t\t\t\t<div class=\"elementor-widget-container\">\n\t\t\t\t\t<h1 class=\"elementor-heading-title elementor-size-default\">Accessibility statement<\/h1>\t\t\t\t<\/div>\n\t\t\t\t<\/div>\n\t\t\t\t<div class=\"elementor-element elementor-element-44bbada elementor-icon-list--layout-inline elementor-list-item-link-full_width elementor-widget elementor-widget-icon-list\" data-id=\"44bbada\" data-element_type=\"widget\" data-e-type=\"widget\" data-widget_type=\"icon-list.default\">\n\t\t\t\t<div class=\"elementor-widget-container\">\n\t\t\t\t\t\t\t<ul class=\"elementor-icon-list-items elementor-inline-items\">\n\t\t\t\t\t\t\t<li class=\"elementor-icon-list-item elementor-inline-item\">\n\t\t\t\t\t\t\t\t\t\t\t<a href=\"https:\/\/menjablancdereus.com\/en\/\">\n\n\t\t\t\t\t\t\t\t\t\t\t<span class=\"elementor-icon-list-text\">Home<\/span>\n\t\t\t\t\t\t\t\t\t\t\t<\/a>\n\t\t\t\t\t\t\t\t\t<\/li>\n\t\t\t\t\t\t\t\t<li class=\"elementor-icon-list-item elementor-inline-item\">\n\t\t\t\t\t\t\t\t\t\t\t<a href=\"https:\/\/menjablancdereus.com\/en\/declaracio-daccessibilitat\/\">\n\n\t\t\t\t\t\t\t\t\t\t\t\t<span class=\"elementor-icon-list-icon\">\n\t\t\t\t\t\t\t<i aria-hidden=\"true\" class=\"material-icons md-keyboard_double_arrow_right\" data-md-icon=\"keyboard_double_arrow_right\"><\/i>\t\t\t\t\t\t<\/span>\n\t\t\t\t\t\t\t\t\t\t<span class=\"elementor-icon-list-text\">Accessibility statement<\/span>\n\t\t\t\t\t\t\t\t\t\t\t<\/a>\n\t\t\t\t\t\t\t\t\t<\/li>\n\t\t\t\t\t\t<\/ul>\n\t\t\t\t\t\t<\/div>\n\t\t\t\t<\/div>\n\t\t\t\t<\/div>\n\t\t\t\t\t<\/div>\n\t\t\t\t<\/div>\n\t\t<div class=\"elementor-element elementor-element-58a93c82 e-flex e-con-boxed e-con e-parent\" data-id=\"58a93c82\" data-element_type=\"container\" data-e-type=\"container\">\n\t\t\t\t\t<div class=\"e-con-inner\">\n\t\t\t\t<div class=\"elementor-element elementor-element-325a6a05 elementor-widget elementor-widget-text-editor\" data-id=\"325a6a05\" data-element_type=\"widget\" data-e-type=\"widget\" data-widget_type=\"text-editor.default\">\n\t\t\t\t<div class=\"elementor-widget-container\">\n\t\t\t\t\t\t\t\t\t\n<p><strong>Menjablanc de Reus SL<\/strong> has committed to making its website accessible, in accordance with Royal Decree 1112\/2018, of September 7, on accessibility of websites and applications for mobile devices in the public sector. This accessibility statement applies to this website.<\/p>\n\n<p class=\"wp-block-heading\"><strong>Compliance status<\/strong><\/p>\n\n<p>This website is developed according to RD 1112\/2018.<\/p>\n\n<p class=\"wp-block-heading\"><strong>Preparing for the next accessibility statement<\/strong><\/p>\n\n<p>This statement was prepared on April 20, 2023. The method used to prepare the statement was a self-assessment.<\/p>\n\n<p class=\"wp-block-heading\"><strong>Observations and contact details<\/strong><\/p>\n\n<p>You can make communications about accessibility requirements (article 10.2.a of RD 1112\/2018) such as:<\/p>\n\n<ul class=\"wp-block-list\">\n<li>Report any possible breach by this website.<\/li>\n\n<li>Convey other difficulties in accessing content.<\/li>\n\n<li>Make any other query or suggestion for improvement regarding the accessibility of the website through the contact form on this website or through the telephone number.<\/li>\n<\/ul>\n\n<p>You can present:<\/p>\n\n<ul class=\"wp-block-list\">\n<li>Complaint regarding compliance with the requirements of RD 1112\/2018.<\/li>\n\n<li>Request for accessible information regarding:\n<ul class=\"wp-block-list\">\n<li>Contents that are excluded from the scope of application of RD 1112\/2018 as established in article 3, section 4.<\/li>\n\n<li>Content that is exempt from compliance with accessibility requirements to impose a disproportionate burden.<\/li>\n<\/ul>\n<\/li>\n<\/ul>\n\n<p>In the request for accessible information, it is necessary to specify, with complete clarity, the facts, reasons and request that allow it to be established that it is a reasonable and legitimate request.<\/p>\n\n<p>Complaints and claims regarding accessible information will be made through the electronic office (<a href=\"https:\/\/sede.red.gob.es\/procedimientos\/quejas-y-sugerencias\"><strong>https:\/\/sede.red.gob.es\/procedimientos\/quejas-y-sugerencias<\/strong><\/a>) and will be received and processed by the Information Systems area of Red.es.<\/p>\n\n<p class=\"wp-block-heading\"><strong>Optional content<\/strong><\/p>\n\n<p>If you want to change the font size of the text in the main graphical browsers, use the following menus:<\/p>\n\n<ul class=\"wp-block-list\">\n<li><strong>Safari<\/strong>: View &gt; Make text larger<\/li>\n\n<li><strong>Chrome<\/strong>: Control current page &gt; Text size<\/li>\n<\/ul>\n\n<p>To resize everything on the page:<\/p>\n\n<ul class=\"wp-block-list\">\n<li><strong>Ctrl++<\/strong>\u00a0to increase it<\/li>\n\n<li><strong>Ctrl + \u2013<\/strong>\u00a0to reduce it<\/li>\n\n<li><strong>Ctrl + 0<\/strong>\u00a0restores the original text size<\/li>\n<\/ul>\n\n<p>If you want to override the style sheet or change the text color, you can consult the page\u00a0<em>How to Change Text Size or Colors<\/em>\u00a0of the WAI, which can be read translated into Spanish at\u00a0<em>How to change the text size or colors?<\/em><\/p>\n\t\t\t\t\t\t\t\t<\/div>\n\t\t\t\t<\/div>\n\t\t\t\t\t<\/div>\n\t\t\t\t<\/div>\n\t\t\t\t<\/div>","protected":false},"excerpt":{"rendered":"<p>Inici ha comprom\u00e8s a fer accessible el seu lloc web, d\u2019acord amb el Reial decret 1112\/2018, de 7 de setembre, sobre accessibilitat dels llocs web i aplicacions per a dispositius m\u00f2bils del sector p\u00fablic. Aquesta declaraci\u00f3 d\u2019accessibilitat s\u2019aplica a aquest web. Situaci\u00f3 de compliment Aquest lloc web est\u00e0 desenvolupat segons el RD 1112\/2018. Preparaci\u00f3 per [&hellip;]<\/p>\n","protected":false},"author":1,"featured_media":0,"parent":0,"menu_order":0,"comment_status":"closed","ping_status":"closed","template":"","meta":{"footnotes":""},"class_list":["post-20","page","type-page","status-publish","hentry"],"yoast_head":"<!-- This site is optimized with the Yoast SEO plugin v27.1.1 - https:\/\/yoast.com\/product\/yoast-seo-wordpress\/ -->\n<title>Declaraci\u00f3 d\u2019accessibilitat - El Menjablanc de Reus<\/title>\n<meta name=\"robots\" content=\"index, follow, max-snippet:-1, max-image-preview:large, max-video-preview:-1\" \/>\n<link rel=\"canonical\" href=\"https:\/\/menjablancdereus.com\/en\/declaracio-daccessibilitat\/\" \/>\n<meta property=\"og:locale\" content=\"en_GB\" \/>\n<meta property=\"og:type\" content=\"article\" \/>\n<meta property=\"og:title\" content=\"Declaraci\u00f3 d\u2019accessibilitat - El Menjablanc de Reus\" \/>\n<meta property=\"og:description\" content=\"Inici ha comprom\u00e8s a fer accessible el seu lloc web, d\u2019acord amb el Reial decret 1112\/2018, de 7 de setembre, sobre accessibilitat dels llocs web i aplicacions per a dispositius m\u00f2bils del sector p\u00fablic. Aquesta declaraci\u00f3 d\u2019accessibilitat s\u2019aplica a aquest web. Situaci\u00f3 de compliment Aquest lloc web est\u00e0 desenvolupat segons el RD 1112\/2018. Preparaci\u00f3 per [&hellip;]\" \/>\n<meta property=\"og:url\" content=\"https:\/\/menjablancdereus.com\/en\/declaracio-daccessibilitat\/\" \/>\n<meta property=\"og:site_name\" content=\"El Menjablanc de Reus\" \/>\n<meta property=\"article:modified_time\" content=\"2026-03-09T15:25:21+00:00\" \/>\n<meta name=\"twitter:card\" content=\"summary_large_image\" \/>\n<meta name=\"twitter:label1\" content=\"Estimated reading time\" \/>\n\t<meta name=\"twitter:data1\" content=\"2 minutes\" \/>\n<script type=\"application\/ld+json\" class=\"yoast-schema-graph\">{\"@context\":\"https:\/\/schema.org\",\"@graph\":[{\"@type\":\"WebPage\",\"@id\":\"https:\/\/menjablancdereus.com\/declaracio-daccessibilitat\/\",\"url\":\"https:\/\/menjablancdereus.com\/declaracio-daccessibilitat\/\",\"name\":\"Declaraci\u00f3 d\u2019accessibilitat - El Menjablanc de Reus\",\"isPartOf\":{\"@id\":\"https:\/\/menjablancdereus.com\/#website\"},\"datePublished\":\"2025-03-28T19:05:29+00:00\",\"dateModified\":\"2026-03-09T15:25:21+00:00\",\"breadcrumb\":{\"@id\":\"https:\/\/menjablancdereus.com\/declaracio-daccessibilitat\/#breadcrumb\"},\"inLanguage\":\"en-GB\",\"potentialAction\":[{\"@type\":\"ReadAction\",\"target\":[\"https:\/\/menjablancdereus.com\/declaracio-daccessibilitat\/\"]}]},{\"@type\":\"BreadcrumbList\",\"@id\":\"https:\/\/menjablancdereus.com\/declaracio-daccessibilitat\/#breadcrumb\",\"itemListElement\":[{\"@type\":\"ListItem\",\"position\":1,\"name\":\"Portada\",\"item\":\"https:\/\/menjablancdereus.com\/\"},{\"@type\":\"ListItem\",\"position\":2,\"name\":\"Declaraci\u00f3 d\u2019accessibilitat\"}]},{\"@type\":\"WebSite\",\"@id\":\"https:\/\/menjablancdereus.com\/#website\",\"url\":\"https:\/\/menjablancdereus.com\/\",\"name\":\"El Menjablanc de Reus\",\"description\":\"M\u00e9s de 100 anys de sabor\",\"potentialAction\":[{\"@type\":\"SearchAction\",\"target\":{\"@type\":\"EntryPoint\",\"urlTemplate\":\"https:\/\/menjablancdereus.com\/?s={search_term_string}\"},\"query-input\":{\"@type\":\"PropertyValueSpecification\",\"valueRequired\":true,\"valueName\":\"search_term_string\"}}],\"inLanguage\":\"en-GB\"}]}<\/script>\n<!-- \/ Yoast SEO plugin. -->","yoast_head_json":{"title":"Declaraci\u00f3 d\u2019accessibilitat - El Menjablanc de Reus","robots":{"index":"index","follow":"follow","max-snippet":"max-snippet:-1","max-image-preview":"max-image-preview:large","max-video-preview":"max-video-preview:-1"},"canonical":"https:\/\/menjablancdereus.com\/en\/declaracio-daccessibilitat\/","og_locale":"en_GB","og_type":"article","og_title":"Declaraci\u00f3 d\u2019accessibilitat - El Menjablanc de Reus","og_description":"Inici ha comprom\u00e8s a fer accessible el seu lloc web, d\u2019acord amb el Reial decret 1112\/2018, de 7 de setembre, sobre accessibilitat dels llocs web i aplicacions per a dispositius m\u00f2bils del sector p\u00fablic. Aquesta declaraci\u00f3 d\u2019accessibilitat s\u2019aplica a aquest web. Situaci\u00f3 de compliment Aquest lloc web est\u00e0 desenvolupat segons el RD 1112\/2018. Preparaci\u00f3 per [&hellip;]","og_url":"https:\/\/menjablancdereus.com\/en\/declaracio-daccessibilitat\/","og_site_name":"El Menjablanc de Reus","article_modified_time":"2026-03-09T15:25:21+00:00","twitter_card":"summary_large_image","twitter_misc":{"Estimated reading time":"2 minutes"},"schema":{"@context":"https:\/\/schema.org","@graph":[{"@type":"WebPage","@id":"https:\/\/menjablancdereus.com\/declaracio-daccessibilitat\/","url":"https:\/\/menjablancdereus.com\/declaracio-daccessibilitat\/","name":"Declaraci\u00f3 d\u2019accessibilitat - El Menjablanc de Reus","isPartOf":{"@id":"https:\/\/menjablancdereus.com\/#website"},"datePublished":"2025-03-28T19:05:29+00:00","dateModified":"2026-03-09T15:25:21+00:00","breadcrumb":{"@id":"https:\/\/menjablancdereus.com\/declaracio-daccessibilitat\/#breadcrumb"},"inLanguage":"en-GB","potentialAction":[{"@type":"ReadAction","target":["https:\/\/menjablancdereus.com\/declaracio-daccessibilitat\/"]}]},{"@type":"BreadcrumbList","@id":"https:\/\/menjablancdereus.com\/declaracio-daccessibilitat\/#breadcrumb","itemListElement":[{"@type":"ListItem","position":1,"name":"Portada","item":"https:\/\/menjablancdereus.com\/"},{"@type":"ListItem","position":2,"name":"Declaraci\u00f3 d\u2019accessibilitat"}]},{"@type":"WebSite","@id":"https:\/\/menjablancdereus.com\/#website","url":"https:\/\/menjablancdereus.com\/","name":"The White Meal in Reus","description":"More than 100 years of flavor","potentialAction":[{"@type":"SearchAction","target":{"@type":"EntryPoint","urlTemplate":"https:\/\/menjablancdereus.com\/?s={search_term_string}"},"query-input":{"@type":"PropertyValueSpecification","valueRequired":true,"valueName":"search_term_string"}}],"inLanguage":"en-GB"}]}},"_links":{"self":[{"href":"https:\/\/menjablancdereus.com\/en\/wp-json\/wp\/v2\/pages\/20","targetHints":{"allow":["GET"]}}],"collection":[{"href":"https:\/\/menjablancdereus.com\/en\/wp-json\/wp\/v2\/pages"}],"about":[{"href":"https:\/\/menjablancdereus.com\/en\/wp-json\/wp\/v2\/types\/page"}],"author":[{"embeddable":true,"href":"https:\/\/menjablancdereus.com\/en\/wp-json\/wp\/v2\/users\/1"}],"replies":[{"embeddable":true,"href":"https:\/\/menjablancdereus.com\/en\/wp-json\/wp\/v2\/comments?post=20"}],"version-history":[{"count":26,"href":"https:\/\/menjablancdereus.com\/en\/wp-json\/wp\/v2\/pages\/20\/revisions"}],"predecessor-version":[{"id":1025,"href":"https:\/\/menjablancdereus.com\/en\/wp-json\/wp\/v2\/pages\/20\/revisions\/1025"}],"wp:attachment":[{"href":"https:\/\/menjablancdereus.com\/en\/wp-json\/wp\/v2\/media?parent=20"}],"curies":[{"name":"wp","href":"https:\/\/api.w.org\/{rel}","templated":true}]}}